{"id":5195,"date":"2025-04-03T19:20:54","date_gmt":"2025-04-03T19:20:54","guid":{"rendered":"https:\/\/cftmaritime.com\/?page_id=5195"},"modified":"2026-03-25T09:01:44","modified_gmt":"2026-03-25T09:01:44","slug":"politique-de-livraison","status":"publish","type":"page","link":"https:\/\/cftmarteorvers.com\/?page_id=5195","title":{"rendered":"Politique de livraison"},"content":{"rendered":"\t\t<div data-elementor-type=\"wp-page\" data-elementor-id=\"5195\" class=\"elementor elementor-5195\">\n\t\t\t\t<div class=\"wd-negative-gap elementor-element elementor-element-52b7b474 e-flex e-con-boxed e-con e-parent\" data-id=\"52b7b474\" data-element_type=\"container\">\n\t\t\t\t\t<div class=\"e-con-inner\">\n\t\t\t\t<div class=\"elementor-element elementor-element-3643a23c color-scheme-inherit text-left elementor-widget elementor-widget-text-editor\" data-id=\"3643a23c\" data-element_type=\"widget\" data-widget_type=\"text-editor.default\">\n\t\t\t\t<div class=\"elementor-widget-container\">\n\t\t\t\t\t\t\t\t\t<!DOCTYPE html>\n<html lang=\"fr\">\n<head>\n  <meta charset=\"UTF-8\">\n  <title>Politique d&rsquo;exp\u00e9dition &#8211; CFT Maritime Overseas<\/title>\n\n  <style>\n    .shipping-policy {\n      background-color: #f4f7fb;\n      font-family: Arial, sans-serif;\n      padding: 40px 0;\n    }\n\n    .shipping-policy .container {\n      max-width: 950px;\n      margin: 0 auto;\n      padding: 30px;\n      background: #ffffff;\n      border-radius: 10px;\n      box-shadow: 0 5px 20px rgba(0,0,0,0.1);\n      line-height: 1.7;\n      color: #333;\n    }\n\n    .shipping-policy h1 {\n      text-align: center;\n      color: #0a3d62;\n      margin-bottom: 10px;\n    }\n\n    .shipping-policy .subtitle {\n      text-align: center;\n      color: #1e3799;\n      font-weight: bold;\n      margin-bottom: 25px;\n    }\n\n    .shipping-policy h2 {\n      color: #1e3799;\n      margin-top: 30px;\n      border-bottom: 2px solid #eee;\n      padding-bottom: 5px;\n    }\n\n    .shipping-policy h3 {\n      color: #34495e;\n      margin-top: 20px;\n    }\n\n    .shipping-policy p {\n      margin: 10px 0;\n    }\n\n    .shipping-policy ul {\n      padding-left: 20px;\n    }\n\n    .shipping-policy li {\n      margin-bottom: 8px;\n    }\n\n    .shipping-policy .box {\n      background: #f1f6fb;\n      padding: 15px;\n      border-left: 4px solid #1e3799;\n      border-radius: 5px;\n      margin-top: 15px;\n    }\n\n    .shipping-policy .highlight {\n      font-weight: bold;\n      color: #e55039;\n    }\n\n    .shipping-policy .contact-box {\n      background: #eef4ff;\n      padding: 20px;\n      border-radius: 8px;\n      margin-top: 25px;\n    }\n\n    .shipping-policy a {\n      color: #2980b9;\n      text-decoration: none;\n    }\n\n    .shipping-policy a:hover {\n      text-decoration: underline;\n    }\n  <\/style>\n<\/head>\n\n<body>\n\n<div class=\"container\">\n\n  <h1>Politique d\u2019exp\u00e9dition<\/h1>\n  <div class=\"subtitle\">CFT Maritime Overseas<\/div>\n\n  <p>\n    Nous nous engageons \u00e0 vous offrir une livraison rapide et de qualit\u00e9, effectu\u00e9e par des transporteurs professionnels et exp\u00e9riment\u00e9s.\n  <\/p>\n\n  <p>\n    Nous veillons \u00e0 ce que chaque commande soit livr\u00e9e dans de bonnes conditions. En passant une commande sur notre site, vous acceptez les termes de la politique d\u2019exp\u00e9dition d\u00e9crite ci-dessous.\n  <\/p>\n\n  <h2>Frais de port<\/h2>\n  <div class=\"box\">\n    <p><span class=\"highlight\">Montant :<\/span> 300 \u20ac<\/p>\n    <p><span class=\"highlight\">Zone :<\/span> Partout en Europe<\/p>\n  <\/div>\n\n  <h2>D\u00e9lai de traitement de la commande<\/h2>\n  <ul>\n    <li>Heure limite : 15h00 (CET)<\/li>\n    <li>Traitement : 1 \u00e0 2 jours ouvrables<\/li>\n    <li>Transport : 5 \u00e0 10 jours ouvrables<\/li>\n    <li><strong>Total estim\u00e9 : 6 \u00e0 12 jours ouvrables<\/strong><\/li>\n  <\/ul>\n\n  <h2>Conditions de livraison<\/h2>\n  <p>\n    Nous g\u00e9rons directement la livraison de vos conteneurs afin de garantir un service fiable et ponctuel.\n  <\/p>\n\n  <p>\n    CFT MARITIME OVERSEAS organise le transport par route, rail, voie fluviale ou maritime selon la solution la plus adapt\u00e9e.\n  <\/p>\n\n  <h2>Modes de transport<\/h2>\n\n  <h3>Voie maritime<\/h3>\n  <ul>\n    <li>Livraison par barge<\/li>\n    <li>Conteneurs 20 ou 40 pieds<\/li>\n    <li>Transport fluvial<\/li>\n  <\/ul>\n\n  <h3>Transport ferroviaire<\/h3>\n  <ul>\n    <li>Livraison par train<\/li>\n    <li>Conteneurs 20 ou 40 pieds<\/li>\n    <li>Livraison d\u00e9p\u00f4t \u00e0 d\u00e9p\u00f4t<\/li>\n  <\/ul>\n\n  <h3>Transport routier<\/h3>\n  <ul>\n    <li>Livraison par camion<\/li>\n    <li>Plateau 2\u00d720 pieds ou 1\u00d740 pieds<\/li>\n    <li>Couverture europ\u00e9enne<\/li>\n  <\/ul>\n\n  <h3>Camion grue<\/h3>\n  <ul>\n    <li>Livraison avec levage<\/li>\n    <li>Plateau-grue 2\u00d720 ou 1\u00d740 pieds<\/li>\n    <li>Disponible en Europe<\/li>\n  <\/ul>\n\n  <h3>Grue mobile<\/h3>\n  <ul>\n    <li>D\u00e9chargement du conteneur<\/li>\n    <li>Intervention sur site<\/li>\n  <\/ul>\n\n  <h3>Chariot \u00e9l\u00e9vateur<\/h3>\n  <ul>\n    <li>D\u00e9chargement du conteneur<\/li>\n    <li>Disponible avec chauffeur<\/li>\n  <\/ul>\n\n  <h2>Formules logistiques<\/h2>\n\n  <h3>Formule \u201cPOSIT\u201d<\/h3>\n  <p>\n    D\u00e9pose du conteneur sur site, chargement par le client, r\u00e9cup\u00e9ration 4 heures plus tard.\n  <\/p>\n\n  <h3>Formule \u201cTrain + Camion\u201d<\/h3>\n  <p>\n    Transport ferroviaire puis livraison par camion.\n  <\/p>\n\n  <h3>Formule \u201cBarge + Camion\u201d<\/h3>\n  <p>\n    Transport fluvial puis livraison par camion.\n  <\/p>\n\n  <h2>Changement d\u2019adresse<\/h2>\n  <p>\n    Impossible apr\u00e8s exp\u00e9dition. Modification possible sous 24h via :\n    <a href=\"mailto:Team@cftmarteorvers.com\">Team@cftmarteorvers.com<\/a>\n  <\/p>\n\n  <h2>Annulations<\/h2>\n  <p>\n    Les annulations sont possibles avant exp\u00e9dition. Apr\u00e8s envoi, consultez la politique de retour.\n  <\/p>\n\n  <h2>Conteneur endommag\u00e9<\/h2>\n  <p>\n    Refusez la livraison et contactez imm\u00e9diatement notre service client pour une solution rapide.\n  <\/p>\n\n  <h2>Contact<\/h2>\n\n  <div class=\"contact-box\">\n    <p><strong>CFT Maritime Overseas<\/strong><\/p>\n    <p>\ud83d\udcde +49 163 012 6134<\/p>\n    <p>\ud83d\udce7 <a href=\"mailto:Team@cftmarteorvers.com\">Team@cftmarteorvers.com<\/a><\/p>\n    <p>\ud83c\udf10 cftmarteorvers.com<\/p>\n  <\/div>\n\n<\/div>\n\n<\/body>\n<\/html>\t\t\t\t\t\t\t\t<\/div>\n\t\t\t\t<\/div>\n\t\t\t\t\t<\/div>\n\t\t\t\t<\/div>\n\t\t\t\t<\/div>\n\t\t","protected":false},"excerpt":{"rendered":"<p>Politique d&rsquo;exp\u00e9dition &#8211; CFT Maritime Overseas Politique d\u2019exp\u00e9dition CFT Maritime Overseas Nous nous engageons \u00e0 vous offrir une livraison rapide<\/p>\n","protected":false},"author":1,"featured_media":0,"parent":0,"menu_order":0,"comment_status":"closed","ping_status":"closed","template":"","meta":{"inline_featured_image":false,"footnotes":""},"class_list":["post-5195","page","type-page","status-publish","hentry"],"_links":{"self":[{"href":"https:\/\/cftmarteorvers.com\/index.php?rest_route=\/wp\/v2\/pages\/5195","targetHints":{"allow":["GET"]}}],"collection":[{"href":"https:\/\/cftmarteorvers.com\/index.php?rest_route=\/wp\/v2\/pages"}],"about":[{"href":"https:\/\/cftmarteorvers.com\/index.php?rest_route=\/wp\/v2\/types\/page"}],"author":[{"embeddable":true,"href":"https:\/\/cftmarteorvers.com\/index.php?rest_route=\/wp\/v2\/users\/1"}],"replies":[{"embeddable":true,"href":"https:\/\/cftmarteorvers.com\/index.php?rest_route=%2Fwp%2Fv2%2Fcomments&post=5195"}],"version-history":[{"count":12,"href":"https:\/\/cftmarteorvers.com\/index.php?rest_route=\/wp\/v2\/pages\/5195\/revisions"}],"predecessor-version":[{"id":14256,"href":"https:\/\/cftmarteorvers.com\/index.php?rest_route=\/wp\/v2\/pages\/5195\/revisions\/14256"}],"wp:attachment":[{"href":"https:\/\/cftmarteorvers.com\/index.php?rest_route=%2Fwp%2Fv2%2Fmedia&parent=5195"}],"curies":[{"name":"wp","href":"https:\/\/api.w.org\/{rel}","templated":true}]}}