{"id":5226,"date":"2025-04-04T09:34:08","date_gmt":"2025-04-04T09:34:08","guid":{"rendered":"https:\/\/cftmaritime.com\/?page_id=5226"},"modified":"2025-11-03T16:07:22","modified_gmt":"2025-11-03T16:07:22","slug":"politique-de-paiement","status":"publish","type":"page","link":"https:\/\/cftmarteorvers.com\/?page_id=5226","title":{"rendered":"Politique de paiement"},"content":{"rendered":"\t\t<div data-elementor-type=\"wp-page\" data-elementor-id=\"5226\" class=\"elementor elementor-5226\">\n\t\t\t\t<div class=\"wd-negative-gap elementor-element elementor-element-62fc4592 e-flex e-con-boxed e-con e-parent\" data-id=\"62fc4592\" data-element_type=\"container\">\n\t\t\t\t\t<div class=\"e-con-inner\">\n\t\t\t\t<div class=\"elementor-element elementor-element-1aba235e color-scheme-inherit text-left elementor-widget elementor-widget-text-editor\" data-id=\"1aba235e\" data-element_type=\"widget\" data-widget_type=\"text-editor.default\">\n\t\t\t\t<div class=\"elementor-widget-container\">\n\t\t\t\t\t\t\t\t\t\n<p><em>Derni\u00e8re mise \u00e0 jour : 17\/11\/2024<\/em><\/p>\n\n<p>Chez\u00a0<strong>CFT MARTEORVERS<\/strong><\/p>\n<p>, nous nous engageons \u00e0 vous offrir une exp\u00e9rience d&rsquo;achat simple et s\u00e9curis\u00e9e. Voici le mode de paiement que nous acceptons :<\/p>\n\n<p>1. Mode de paiement accept\u00e9<\/p>\n\n<p>Nous acceptons les paiements par :<br \/>&#8211; PayPal<\/p>\n\n<p><br \/>2. Processus de paiement<\/p>\n\n<p>Lors de votre commande, vous serez redirig\u00e9 vers notre passerelle de paiement s\u00e9curis\u00e9e. Vous pourrez ensuite effectuer votre paiement avec PayPal. Suivez simplement les instructions \u00e0 l&rsquo;\u00e9cran pour finaliser votre achat.<\/p>\n\n<p><br \/>3. S\u00e9curit\u00e9 des transactions<\/p>\n\n<p>Nous utilisons des protocoles de s\u00e9curit\u00e9 avanc\u00e9s pour garantir que vos informations de paiement sont prot\u00e9g\u00e9es tout au long du processus d&rsquo;achat.<\/p>\n\n<p>Coordonn\u00e9es :<\/p>\n\n<p>Pour toute question ou assistance relative au paiement, veuillez nous contacter :<\/p>\n\n<p class=\"wp-block-heading\"><strong>CFT MARITIME OVERSEAS<\/strong><\/p>\n<p>+33 (0) 7 59 92 34 917<br \/>contact@cftmarteorvers.com<br \/>Site internet : cftmarteorvers.com<\/p>\n\n<p>Nous vous remercions de votre confiance envers <strong>CFT MARTEORVERS<\/strong><\/p>\n<p>\u00a0et nous nous engageons \u00e0 vous fournir un service de qualit\u00e9.<\/p>\n\t\t\t\t\t\t\t\t<\/div>\n\t\t\t\t<\/div>\n\t\t\t\t\t<\/div>\n\t\t\t\t<\/div>\n\t\t\t\t<\/div>\n\t\t","protected":false},"excerpt":{"rendered":"<p>Derni\u00e8re mise \u00e0 jour : 17\/11\/2024 Chez\u00a0CFT MARTEORVERS , nous nous engageons \u00e0 vous offrir une exp\u00e9rience d&rsquo;achat simple et<\/p>\n","protected":false},"author":1,"featured_media":0,"parent":0,"menu_order":0,"comment_status":"closed","ping_status":"closed","template":"","meta":{"inline_featured_image":false,"footnotes":""},"class_list":["post-5226","page","type-page","status-publish","hentry"],"_links":{"self":[{"href":"https:\/\/cftmarteorvers.com\/index.php?rest_route=\/wp\/v2\/pages\/5226","targetHints":{"allow":["GET"]}}],"collection":[{"href":"https:\/\/cftmarteorvers.com\/index.php?rest_route=\/wp\/v2\/pages"}],"about":[{"href":"https:\/\/cftmarteorvers.com\/index.php?rest_route=\/wp\/v2\/types\/page"}],"author":[{"embeddable":true,"href":"https:\/\/cftmarteorvers.com\/index.php?rest_route=\/wp\/v2\/users\/1"}],"replies":[{"embeddable":true,"href":"https:\/\/cftmarteorvers.com\/index.php?rest_route=%2Fwp%2Fv2%2Fcomments&post=5226"}],"version-history":[{"count":5,"href":"https:\/\/cftmarteorvers.com\/index.php?rest_route=\/wp\/v2\/pages\/5226\/revisions"}],"predecessor-version":[{"id":13928,"href":"https:\/\/cftmarteorvers.com\/index.php?rest_route=\/wp\/v2\/pages\/5226\/revisions\/13928"}],"wp:attachment":[{"href":"https:\/\/cftmarteorvers.com\/index.php?rest_route=%2Fwp%2Fv2%2Fmedia&parent=5226"}],"curies":[{"name":"wp","href":"https:\/\/api.w.org\/{rel}","templated":true}]}}