{"id":10097,"date":"2025-05-08T11:40:36","date_gmt":"2025-05-08T11:40:36","guid":{"rendered":"https:\/\/www.cftmaritime.com\/?post_type=product&#038;p=10097"},"modified":"2025-08-29T08:35:33","modified_gmt":"2025-08-29T08:35:33","slug":"conteneur-dhabitation-mobile-mini-maison","status":"publish","type":"product","link":"https:\/\/cftmarteorvers.com\/?product=conteneur-dhabitation-mobile-mini-maison","title":{"rendered":"Conteneur d\u2019habitation mobile \/ mini-maison"},"content":{"rendered":"<h2 class=\"Text3027143737__root Text3027143737---typography-11-runningText Text3027143737---priority-7-primary s8gg2 _2Cjvf InfoSectionTitle3095652555__root\" aria-hidden=\"false\" data-hook=\"info-section-title\">D\u00c9TAILS D&rsquo;ARTICLE<\/h2>\n<div class=\"WncCi\" data-hook=\"info-section-description\">\n<p><strong>Ann\u00e9e de fabrication<\/strong><\/p>\n<p><strong>2023<\/strong><\/p>\n<p><strong>Propre poids<\/strong><\/p>\n<p><strong>3350 kg<\/strong><\/p>\n<p><strong>Longueur<\/strong><\/p>\n<p><strong>5,86 m<\/strong><\/p>\n<p><strong>Largeur<\/strong><\/p>\n<p><strong>6,22 m<\/strong><\/p>\n<p><strong>Hauteur<\/strong><\/p>\n<p><strong>2,55 m<\/strong><\/p>\n<\/div>\n","protected":false},"excerpt":{"rendered":"<p>Conteneur d\u2019habitation mobile \/ mini-maison ,<\/p>\n<p>Type: Deluxe (19ft*20ft)<\/p>\n<p>Ann\u00e9e: 2023<\/p>\n<p>Nombre de fen\u00eatres: 9<\/p>\n<p>Toilettes: oui; poids individuel: 3350 kg; longueur totale: 5860 mm; largeur totale: 6220 mm; hauteur totale: 2550 mm; description: Equip\u00e9 de murs et de toiture isol\u00e9s; salle de bain avec WC et douche; lavabo avec armoire miroir et robinetterie de toilette; plancher de vinyle; syst\u00e8me de ventilation (connexion 230V); cadres en plastique avec double vitrage; goutti\u00e8re de drainage; Bordes; l\u2019eau, l\u2019\u00e9lectricit\u00e9 et le drainage peuvent facilement \u00eatre connect\u00e9s est pr\u00e9par\u00e9; verrouillable avec cl\u00e9 et cylindre de bouton; dimensions pli\u00e9es 5860x2110x2550 mm (dimensions transport)<\/p>\n","protected":false},"featured_media":10213,"comment_status":"closed","ping_status":"closed","template":"","meta":{"inline_featured_image":false},"product_brand":[],"product_cat":[117,118,119,120],"product_tag":[],"class_list":{"0":"post-10097","1":"product","2":"type-product","3":"status-publish","4":"has-post-thumbnail","6":"product_cat-containers","7":"product_cat-conteneur-amenage","8":"product_cat-conteneurs-neufs-et-occasions","9":"product_cat-conteneurs-sanitaire","11":"first","12":"instock","13":"taxable","14":"shipping-taxable","15":"purchasable","16":"product-type-simple"},"_links":{"self":[{"href":"https:\/\/cftmarteorvers.com\/index.php?rest_route=\/wp\/v2\/product\/10097","targetHints":{"allow":["GET"]}}],"collection":[{"href":"https:\/\/cftmarteorvers.com\/index.php?rest_route=\/wp\/v2\/product"}],"about":[{"href":"https:\/\/cftmarteorvers.com\/index.php?rest_route=\/wp\/v2\/types\/product"}],"replies":[{"embeddable":true,"href":"https:\/\/cftmarteorvers.com\/index.php?rest_route=%2Fwp%2Fv2%2Fcomments&post=10097"}],"version-history":[{"count":1,"href":"https:\/\/cftmarteorvers.com\/index.php?rest_route=\/wp\/v2\/product\/10097\/revisions"}],"predecessor-version":[{"id":13727,"href":"https:\/\/cftmarteorvers.com\/index.php?rest_route=\/wp\/v2\/product\/10097\/revisions\/13727"}],"wp:featuredmedia":[{"embeddable":true,"href":"https:\/\/cftmarteorvers.com\/index.php?rest_route=\/wp\/v2\/media\/10213"}],"wp:attachment":[{"href":"https:\/\/cftmarteorvers.com\/index.php?rest_route=%2Fwp%2Fv2%2Fmedia&parent=10097"}],"wp:term":[{"taxonomy":"product_brand","embeddable":true,"href":"https:\/\/cftmarteorvers.com\/index.php?rest_route=%2Fwp%2Fv2%2Fproduct_brand&post=10097"},{"taxonomy":"product_cat","embeddable":true,"href":"https:\/\/cftmarteorvers.com\/index.php?rest_route=%2Fwp%2Fv2%2Fproduct_cat&post=10097"},{"taxonomy":"product_tag","embeddable":true,"href":"https:\/\/cftmarteorvers.com\/index.php?rest_route=%2Fwp%2Fv2%2Fproduct_tag&post=10097"}],"curies":[{"name":"wp","href":"https:\/\/api.w.org\/{rel}","templated":true}]}}