{"id":12045,"date":"2025-06-04T22:53:50","date_gmt":"2025-06-04T22:53:50","guid":{"rendered":"https:\/\/www.cftmaritime.com\/?post_type=product&#038;p=12045"},"modified":"2025-06-04T22:53:50","modified_gmt":"2025-06-04T22:53:50","slug":"tondeuse-gazon-electrique-sans-fil-tractee-ego-power-plus-coupe-47-cm-batterie-56v-5ah-lm1903e-sp","status":"publish","type":"product","link":"https:\/\/cftmarteorvers.com\/?product=tondeuse-gazon-electrique-sans-fil-tractee-ego-power-plus-coupe-47-cm-batterie-56v-5ah-lm1903e-sp","title":{"rendered":"Tondeuse gazon \u00e9lectrique sans fil tract\u00e9e Ego Power plus coupe 47 cm batterie 56V-5Ah LM1903E-SP"},"content":{"rendered":"<p>La t<strong>ondeuse s Egopower LM1903E-SP<\/strong>\u00a0fait partie de la nouvelle g\u00e9n\u00e9ration des tondeuses sur batterie.<br \/>\nUn moteur \u00e9lectrique\u00a0<strong>brushless<\/strong>\u00a0plus efficient qui couplait \u00e0 une\u00a0<strong>batterie 5Ah de 56v<\/strong>\u00a0( livr\u00e9e avec la tondeuse) permet une autonomie de 35 mn soit une pelouse de pr\u00e8s de\u00a0<strong>800 m2<\/strong>. Avec la batterie 7,5 Ah (en option) , vous tondrez pendant 50 mn !<br \/>\nSon\u00a0<strong>prix est tr\u00e8s attractif<\/strong>\u00a0car cette tondeuse \u00e9lectrique sans fil est\u00a0<strong>autotract\u00e9e<\/strong>\u00a0et \u00e0 une\u00a0<strong>largeur de coupe de 47 cm<\/strong>.<br \/>\nSon carter de coupe en polypropyl\u00e8ne est\u00a0<strong>l\u00e9ger et tr\u00e8s absorbant<\/strong>\u00a0des chocs ( pierres&#8230;). En fonction de la hauteur de votre herbe, vous adapterez le\u00a0<strong>relevage centralis\u00e9<\/strong>\u00a0selon\u00a0<strong>7 positions<\/strong>\u00a0de hauteurs possibles.<br \/>\nLa\u00a0<strong>tondeuse LM1903E-SP<\/strong>\u00a0dispose d&rsquo;une\u00a0<strong>lame\u00a0<\/strong>capable de broyer l&rsquo;herbe mais avec\u00a0<strong>son bac de ramassage<\/strong>\u00a0semi rigide, vous \u00e9viterez de ramasser l&rsquo;herbe. La contenance du bac est de 55L.<br \/>\nCette tondeuse \u00e0 batterie a tout d&rsquo;une tondeuse thermique sans le bruit et la pollution.<br \/>\nElle a \u00e9t\u00e9 con\u00e7ue pour tous les jardiniers. le guidon est\u00a0<strong>r\u00e9glable pour 3 hauteurs<\/strong>. Elle est\u00a0<strong>tr\u00e8s maniable<\/strong>\u00a0et \u00e0 une excellente adh\u00e9rence sur le gazon gr\u00e2ce \u00e0 ses grandes roues \u00e0 l&rsquo;arri\u00e8re mont\u00e9e sur roulement.<br \/>\nLors de l&rsquo;hivernage de la tondeuse ou en fin de tonte, vous pouvez la\u00a0<strong>stocker en vertical,<\/strong>\u00a0ainsi vous gagnez un maximum de place dans votre garage ou abris.<br \/>\nCette tondeuse Ego b\u00e9n\u00e9ficie de la\u00a0<strong>garantie 5 ans<\/strong>\u00a0sur le ch\u00e2ssis et 3 ans sur les batteries.<br \/>\nLivr\u00e9e avec sa\u00a0<strong>batterie 5 Ah<\/strong>\u00a0de 56v et\u00a0<strong>un chargeur rapide<\/strong>\u00a0Egopowerplus.<\/p>\n<p>Fait partie de la gamme de tondeuse \u00e0 batterie EGO LM1702E-SP , LM1903E-SP , LM2001E , LM2021E-SP, LM2135E-SP<\/p>\n<p>&nbsp;<\/p>\n<ul>\n<li><strong>Grille indice de r\u00e9parabilit\u00e9<\/strong>\u00a0: https:\/\/seller7813.market-invaders.com\/content\/cYd!vyjMmj1Rn5qK6YR6\/EGO-indice-reparabilite.pdf<\/li>\n<li><strong>Informations SAV<\/strong>\u00a0: Service Apr\u00e8s Vente assur\u00e9 par une Equipe interne \u00e0 la soci\u00e9t\u00e9 Tondeuse-et-compagnie d\u00fbment form\u00e9e et agr\u00e9\u00e9e par le fabricant \u00e0 l&rsquo;intervention sur les produits de la marque.<\/li>\n<li><strong>Marque du moteur<\/strong>\u00a0: EGOPOWER<\/li>\n<li><strong>Montage<\/strong>\u00a0: Notice de montage et d&rsquo;assemblage disponible en langue fran\u00e7aise r\u00e9alis\u00e9e par notre \u00e9quipe technique<\/li>\n<li><strong>Informations Livraison<\/strong>\u00a0: Produit sup\u00e9rieur \u00e0 30kg : NON LIVRABLE en CORSE. Toute commande devra \u00eatre annul\u00e9e<\/li>\n<li><strong>Indice de r\u00e9parabilit\u00e9<\/strong>\u00a0: 8.9<\/li>\n<li><strong>Batterie et chargeur<\/strong>\u00a0: Batterie et chargeur inclus<\/li>\n<li><strong>Accessoires<\/strong>\u00a0: Batterie et chargeur compris<\/li>\n<li><strong>Type de moteur<\/strong>\u00a0: Sur batterie<\/li>\n<li><strong>Alimentation<\/strong>\u00a0: Electrique avec batterie<\/li>\n<li><strong>Moteur<\/strong>\u00a0: Egopower<\/li>\n<li><strong>Mod\u00e8le du moteur<\/strong>\u00a0: Sans balai &#8211; brushless<\/li>\n<li><strong>Puissance en watt<\/strong>\u00a0: 2240<\/li>\n<li><strong>Tension (volt)<\/strong>\u00a0: 56<\/li>\n<li><strong>D\u00e9marrage<\/strong>\u00a0: D\u00e9marrage \u00e9lectrique<\/li>\n<li><strong>R\u00e9gime moteur (tours\/min)<\/strong>\u00a0: 3150<\/li>\n<li><strong>Type de traction<\/strong>\u00a0: Tract\u00e9e<\/li>\n<li><strong>Nombre de vitesses Avant<\/strong>\u00a0: 1<\/li>\n<li><strong>Type de vitesse<\/strong>\u00a0: Variable<\/li>\n<li><strong>Carter de coupe<\/strong>\u00a0: Polypropyl\u00e8ne<\/li>\n<li><strong>Type d&rsquo;\u00e9jection<\/strong>\u00a0: Ramassage &#8211; Ejection arri\u00e8re<\/li>\n<li><strong>Fonction<\/strong>\u00a0: Tondeuse<\/li>\n<li><strong>Largeur de coupe (cm)<\/strong>\u00a0: 47<\/li>\n<li><strong>Capacit\u00e9 collecte (litres)<\/strong>\u00a0: 55<\/li>\n<li><strong>R\u00e9glage de la hauteur de coupe<\/strong>\u00a0: Centralis\u00e9 &#8211; 7 positions<\/li>\n<li><strong>Hauteur de tonte<\/strong>\u00a0: 25 \u00e0 80 mm<\/li>\n<li><strong>Autonomie<\/strong>\u00a0: 800m\u00b2 avec batterie fourni<\/li>\n<li><strong>Temps de charge<\/strong>\u00a0: 30 min<\/li>\n<li><strong>Nombre de lames<\/strong>\u00a0: 1<\/li>\n<li><strong>Mat\u00e9riau<\/strong>\u00a0: Polypropyl\u00e8ne<\/li>\n<li><strong>Surface de travail conseill\u00e9e (m\u00b2)<\/strong>\u00a0: 800<\/li>\n<li><strong>Protection &#8211; Confort &#8211; S\u00e9curit\u00e9<\/strong>\u00a0: Stockage vertical<\/li>\n<li><strong>Guidon<\/strong>\u00a0: R\u00e9glable hauteur et repliable<\/li>\n<li><strong>Vibration<\/strong>\u00a0: 0,6 m\/s<\/li>\n<li><strong>Type de produit<\/strong>\u00a0: Tondeuse \u00e0 batterie<\/li>\n<li><strong>Conseil de stockage<\/strong>\u00a0: Stockage vertical pour un encombrement mini.<\/li>\n<li><strong>Garantie<\/strong>\u00a0: 5 ans<\/li>\n<li><strong>Poids \u00e0 vide (Kg)<\/strong>\u00a0: 27<\/li>\n<li><strong>Longueur emballage (cm)<\/strong>\u00a0: 96<\/li>\n<li><strong>Largeur emballage (cm)<\/strong>\u00a0: 58<\/li>\n<li><strong>Hauteur emballage (cm)<\/strong>\u00a0: 53<\/li>\n<li><strong>Usage<\/strong>\u00a0: Tondeuse<\/li>\n<\/ul>\n","protected":false},"excerpt":{"rendered":"<p>La t<strong>ondeuse s Egopower LM1903E-SP<\/strong>\u00a0fait partie de la nouvelle g\u00e9n\u00e9ration des tondeuses sur batterie.<br \/>\nUn moteur \u00e9lectrique\u00a0<strong>brushless<\/strong>\u00a0plus efficient qui couplait \u00e0 une\u00a0<strong>batterie 5Ah de 56v<\/strong>\u00a0( livr\u00e9e avec la tondeuse) permet une autonomie de 35 mn soit une pelouse de pr\u00e8s de\u00a0<strong>800 m2<\/strong>. Avec la batterie 7,5 Ah (en option) , vous tondrez pendant 50 mn !<br \/>\nSon\u00a0<strong>prix est tr\u00e8s attractif<\/strong>\u00a0car cette tondeuse \u00e9lectrique sans fil est\u00a0<strong>autotract\u00e9e<\/strong>\u00a0et \u00e0 une\u00a0<strong>largeur de coupe de 47 cm<\/strong>.<br \/>\nSon carter de coupe en polypropyl\u00e8ne est\u00a0<strong>l\u00e9ger et tr\u00e8s absorbant<\/strong>\u00a0des chocs ( pierres&#8230;). En fonction de la hauteur de votre herbe, vous adapterez le\u00a0<strong>relevage centralis\u00e9<\/strong>\u00a0selon\u00a0<strong>7 positions<\/strong>\u00a0de hauteurs possibles.<br \/>\nLa\u00a0<strong>tondeuse LM1903E-SP<\/strong>\u00a0dispose d&rsquo;une\u00a0<strong>lame\u00a0<\/strong>capable de broyer l&rsquo;herbe mais avec\u00a0<strong>son bac de ramassage<\/strong>\u00a0semi rigide, vous \u00e9viterez de ramasser l&rsquo;herbe. La contenance du bac est de 55L.<br \/>\nCette tondeuse \u00e0 batterie a tout d&rsquo;une tondeuse thermique sans le bruit et la pollution.<br \/>\nElle a \u00e9t\u00e9 con\u00e7ue pour tous les jardiniers. le guidon est\u00a0<strong>r\u00e9glable pour 3 hauteurs<\/strong>. Elle est\u00a0<strong>tr\u00e8s maniable<\/strong>\u00a0et \u00e0 une excellente adh\u00e9rence sur le gazon gr\u00e2ce \u00e0 ses grandes roues \u00e0 l&rsquo;arri\u00e8re mont\u00e9e sur roulement.<br \/>\nLors de l&rsquo;hivernage de la tondeuse ou en fin de tonte, vous pouvez la\u00a0<strong>stocker en vertical,<\/strong>\u00a0ainsi vous gagnez un maximum de place dans votre garage ou abris.<br \/>\nCette tondeuse Ego b\u00e9n\u00e9ficie de la\u00a0<strong>garantie 5 ans<\/strong>\u00a0sur le ch\u00e2ssis et 3 ans sur les batteries.<br \/>\nLivr\u00e9e avec sa\u00a0<strong>batterie 5 Ah<\/strong>\u00a0de 56v et\u00a0<strong>un chargeur rapide<\/strong>\u00a0Egopowerplus.<\/p>\n<p>Fait partie de la gamme de tondeuse \u00e0 batterie EGO LM1702E-SP , LM1903E-SP , LM2001E , LM2021E-SP, LM2135E-SP<\/p>\n","protected":false},"featured_media":12049,"comment_status":"open","ping_status":"closed","template":"","meta":{"inline_featured_image":false},"product_brand":[],"product_cat":[212],"product_tag":[],"class_list":{"0":"post-12045","1":"product","2":"type-product","3":"status-publish","4":"has-post-thumbnail","6":"product_cat-tondeuse","8":"first","9":"instock","10":"taxable","11":"shipping-taxable","12":"purchasable","13":"product-type-simple"},"_links":{"self":[{"href":"https:\/\/cftmarteorvers.com\/index.php?rest_route=\/wp\/v2\/product\/12045","targetHints":{"allow":["GET"]}}],"collection":[{"href":"https:\/\/cftmarteorvers.com\/index.php?rest_route=\/wp\/v2\/product"}],"about":[{"href":"https:\/\/cftmarteorvers.com\/index.php?rest_route=\/wp\/v2\/types\/product"}],"replies":[{"embeddable":true,"href":"https:\/\/cftmarteorvers.com\/index.php?rest_route=%2Fwp%2Fv2%2Fcomments&post=12045"}],"version-history":[{"count":1,"href":"https:\/\/cftmarteorvers.com\/index.php?rest_route=\/wp\/v2\/product\/12045\/revisions"}],"predecessor-version":[{"id":12050,"href":"https:\/\/cftmarteorvers.com\/index.php?rest_route=\/wp\/v2\/product\/12045\/revisions\/12050"}],"wp:featuredmedia":[{"embeddable":true,"href":"https:\/\/cftmarteorvers.com\/index.php?rest_route=\/wp\/v2\/media\/12049"}],"wp:attachment":[{"href":"https:\/\/cftmarteorvers.com\/index.php?rest_route=%2Fwp%2Fv2%2Fmedia&parent=12045"}],"wp:term":[{"taxonomy":"product_brand","embeddable":true,"href":"https:\/\/cftmarteorvers.com\/index.php?rest_route=%2Fwp%2Fv2%2Fproduct_brand&post=12045"},{"taxonomy":"product_cat","embeddable":true,"href":"https:\/\/cftmarteorvers.com\/index.php?rest_route=%2Fwp%2Fv2%2Fproduct_cat&post=12045"},{"taxonomy":"product_tag","embeddable":true,"href":"https:\/\/cftmarteorvers.com\/index.php?rest_route=%2Fwp%2Fv2%2Fproduct_tag&post=12045"}],"curies":[{"name":"wp","href":"https:\/\/api.w.org\/{rel}","templated":true}]}}