{"id":12957,"date":"2025-07-28T10:58:04","date_gmt":"2025-07-28T10:58:04","guid":{"rendered":"https:\/\/www.cftmaritime.com\/?post_type=product&#038;p=12957"},"modified":"2025-08-29T08:33:29","modified_gmt":"2025-08-29T08:33:29","slug":"conteneur-de-stockage-10%e2%80%b2-dv","status":"publish","type":"product","link":"https:\/\/cftmarteorvers.com\/?product=conteneur-de-stockage-10%e2%80%b2-dv","title":{"rendered":"Conteneur de Stockage 10\u2032 DV"},"content":{"rendered":"","protected":false},"excerpt":{"rendered":"<p><strong>Dimensions :<\/strong><br \/>\nLongueur externe : 2,991 mm<br \/>\nLargeur externe : 2,438 mm<br \/>\nHauteur externe : 2,591 mm<\/p>\n<p>Longueur interne : 2,831 mm<br \/>\nLargeur interne : 2,352 mm<br \/>\nHauteur interne : 2,393 mm<\/p>\n<p><strong>Capacit\u00e9 :<\/strong><br \/>\nVolume interne : environ 15,9 m\u00b3<br \/>\nPoids \u00e0 vide : environ 1 300 kg<br \/>\nCharge utile maximale : environ 10 000 kg<\/p>\n<p><strong>Mat\u00e9riaux :<\/strong><br \/>\nStructure : acier corten r\u00e9sistant aux intemp\u00e9ries<br \/>\nPlancher : bois trait\u00e9 ou acier (l\u2019\u00e9tat peut varier en fonction de l\u2019utilisation pr\u00e9c\u00e9dente)<br \/>\nPortes : deux portes battantes avec verrouillage s\u00e9curis\u00e9 (l\u2019\u00e9tat peut varier)<\/p>\n<p><strong>D\u00e9tails<\/strong><\/p>\n<p><strong>\u00c9tat :<\/strong>\u00a0d\u2019occasion, peut pr\u00e9senter des signes d\u2019usure tels que des bosses, des \u00e9raflures ou de la rouille superficielle, mais reste structurellement tr\u00e8s solide. Satisfait ou rembours\u00e9.<br \/>\n<strong>Ventilation :\u00a0<\/strong>ouvertures de ventilation pour pr\u00e9venir la condensation<br \/>\n<strong>Peinture :<\/strong>\u00a0peut n\u00e9cessiter une nouvelle couche de peinture en fonction de l\u2019\u00e9tat actuel<br \/>\n<strong>Serrure :\u00a0<\/strong>dispositifs de verrouillage robustes, mais peuvent n\u00e9cessiter une v\u00e9rification ou un remplacement<br \/>\nCertifications : peut ne pas \u00eatre certifi\u00e9 pour le transport maritime, mais parfaitement adapt\u00e9 pour le stockage<\/p>\n<p><strong>Utilisations courantes :<\/strong><\/p>\n<p>Stockage temporaire ou permanent de mat\u00e9riel, outils, marchandises, etc.<br \/>\nAtelier ou espace de travail mobile<br \/>\nConversion en espace de vie ou bureau, avec les am\u00e9nagements n\u00e9cessaires<\/p>\n","protected":false},"featured_media":12973,"comment_status":"open","ping_status":"closed","template":"","meta":{"inline_featured_image":false},"product_brand":[],"product_cat":[117,118,119],"product_tag":[],"class_list":{"0":"post-12957","1":"product","2":"type-product","3":"status-publish","4":"has-post-thumbnail","6":"product_cat-containers","7":"product_cat-conteneur-amenage","8":"product_cat-conteneurs-neufs-et-occasions","10":"first","11":"instock","12":"taxable","13":"shipping-taxable","14":"purchasable","15":"product-type-simple"},"_links":{"self":[{"href":"https:\/\/cftmarteorvers.com\/index.php?rest_route=\/wp\/v2\/product\/12957","targetHints":{"allow":["GET"]}}],"collection":[{"href":"https:\/\/cftmarteorvers.com\/index.php?rest_route=\/wp\/v2\/product"}],"about":[{"href":"https:\/\/cftmarteorvers.com\/index.php?rest_route=\/wp\/v2\/types\/product"}],"replies":[{"embeddable":true,"href":"https:\/\/cftmarteorvers.com\/index.php?rest_route=%2Fwp%2Fv2%2Fcomments&post=12957"}],"version-history":[{"count":1,"href":"https:\/\/cftmarteorvers.com\/index.php?rest_route=\/wp\/v2\/product\/12957\/revisions"}],"predecessor-version":[{"id":12974,"href":"https:\/\/cftmarteorvers.com\/index.php?rest_route=\/wp\/v2\/product\/12957\/revisions\/12974"}],"wp:featuredmedia":[{"embeddable":true,"href":"https:\/\/cftmarteorvers.com\/index.php?rest_route=\/wp\/v2\/media\/12973"}],"wp:attachment":[{"href":"https:\/\/cftmarteorvers.com\/index.php?rest_route=%2Fwp%2Fv2%2Fmedia&parent=12957"}],"wp:term":[{"taxonomy":"product_brand","embeddable":true,"href":"https:\/\/cftmarteorvers.com\/index.php?rest_route=%2Fwp%2Fv2%2Fproduct_brand&post=12957"},{"taxonomy":"product_cat","embeddable":true,"href":"https:\/\/cftmarteorvers.com\/index.php?rest_route=%2Fwp%2Fv2%2Fproduct_cat&post=12957"},{"taxonomy":"product_tag","embeddable":true,"href":"https:\/\/cftmarteorvers.com\/index.php?rest_route=%2Fwp%2Fv2%2Fproduct_tag&post=12957"}],"curies":[{"name":"wp","href":"https:\/\/api.w.org\/{rel}","templated":true}]}}