{"id":13097,"date":"2025-07-29T01:05:08","date_gmt":"2025-07-29T01:05:08","guid":{"rendered":"https:\/\/www.cftmaritime.com\/?post_type=product&#038;p=13097"},"modified":"2025-07-29T01:24:32","modified_gmt":"2025-07-29T01:24:32","slug":"conteneur-modulaire-bureau-32x10","status":"publish","type":"product","link":"https:\/\/cftmarteorvers.com\/?product=conteneur-modulaire-bureau-32x10","title":{"rendered":"Conteneur modulaire Bureau 32\u00d710"},"content":{"rendered":"","protected":false},"excerpt":{"rendered":"<p>Cette cabine sur mesure de\u00a0<strong>32 x 10 pieds<\/strong>\u00a0offre un espace lumineux, moderne et s\u00e9curis\u00e9, parfaitement adapt\u00e9 pour un usage en tant que\u00a0<strong>bureau, cantine, salle de r\u00e9union ou showroom temporaire<\/strong>. Gr\u00e2ce \u00e0 sa structure en acier renforc\u00e9 et ses \u00e9quipements int\u00e9rieurs de qualit\u00e9, elle combine robustesse, confort et esth\u00e9tique.<\/p>\n<p><strong>Caract\u00e9ristiques ext\u00e9rieures :<\/strong><\/p>\n<ul>\n<li><strong>Structure en acier \u00e0 c\u00f4t\u00e9s plats<\/strong>, con\u00e7ue pour r\u00e9sister aux conditions exigeantes et aux tentatives de vandalisme<\/li>\n<li><strong>Couleur ext\u00e9rieure noire<\/strong>, sobre et \u00e9l\u00e9gante<\/li>\n<li><strong>2 grandes baies vitr\u00e9es fixes<\/strong>\u00a0(2200 x 2000 mm) en PVC anthracite avec\u00a0<strong>double vitrage en verre tremp\u00e9<\/strong><\/li>\n<li><strong>Porte coulissante vitr\u00e9e<\/strong>\u00a0(verre tremp\u00e9, cadre anthracite) pour une large ouverture et un apport de lumi\u00e8re naturel<\/li>\n<li><strong>2 fen\u00eatres oscillo-battantes standard<\/strong>\u00a0en PVC blanc (900 x 900 mm)<\/li>\n<li><strong>Porte d\u2019acc\u00e8s en acier<\/strong>\u00a0avec verrouillage renforc\u00e9 (anti-vandale)<\/li>\n<\/ul>\n<p><strong>Am\u00e9nagement int\u00e9rieur :<\/strong><\/p>\n<ul>\n<li><strong>Rev\u00eatement de sol en vinyle effet bois<\/strong>, pos\u00e9 sur toute la surface<\/li>\n<li><strong>2 radiateurs muraux \u00e9lectriques<\/strong>\u00a0pour un chauffage efficace<\/li>\n<li><strong>4 prises \u00e9lectriques doubles<\/strong>\u00a0r\u00e9parties intelligemment<\/li>\n<li><strong>5 tubes LED<\/strong>, command\u00e9s par interrupteur, assurent une bonne luminosit\u00e9 int\u00e9rieure<\/li>\n<li><strong>Unit\u00e9 de consommation interne<\/strong>\u00a0avec raccordement externe pour une installation \u00e9lectrique simplifi\u00e9e<\/li>\n<li><strong>Fen\u00eatres int\u00e9rieures double vitrage<\/strong>\u00a0et syst\u00e8me oscillo-battant pour une bonne a\u00e9ration<\/li>\n<li><strong>Porte d\u2019acc\u00e8s arri\u00e8re en acier<\/strong>, renfor\u00e7ant la s\u00e9curit\u00e9<\/li>\n<\/ul>\n<p>Cette cabine modulaire est\u00a0<strong>livr\u00e9e pr\u00eate \u00e0 l\u2019emploi<\/strong>, avec une configuration pens\u00e9e pour maximiser la lumi\u00e8re naturelle, le confort thermique et la s\u00e9curit\u00e9. Elle est id\u00e9ale pour une utilisation sur chantier, en base vie, ou comme bureau temporaire dans un cadre professionnel ou \u00e9v\u00e9nementiel.<\/p>\n","protected":false},"featured_media":13123,"comment_status":"closed","ping_status":"closed","template":"","meta":{"inline_featured_image":false},"product_brand":[],"product_cat":[118,122],"product_tag":[],"class_list":{"0":"post-13097","1":"product","2":"type-product","3":"status-publish","4":"has-post-thumbnail","6":"product_cat-conteneur-amenage","7":"product_cat-mobil-homes","9":"first","10":"instock","11":"sale","12":"taxable","13":"shipping-taxable","14":"purchasable","15":"product-type-simple"},"_links":{"self":[{"href":"https:\/\/cftmarteorvers.com\/index.php?rest_route=\/wp\/v2\/product\/13097","targetHints":{"allow":["GET"]}}],"collection":[{"href":"https:\/\/cftmarteorvers.com\/index.php?rest_route=\/wp\/v2\/product"}],"about":[{"href":"https:\/\/cftmarteorvers.com\/index.php?rest_route=\/wp\/v2\/types\/product"}],"replies":[{"embeddable":true,"href":"https:\/\/cftmarteorvers.com\/index.php?rest_route=%2Fwp%2Fv2%2Fcomments&post=13097"}],"version-history":[{"count":1,"href":"https:\/\/cftmarteorvers.com\/index.php?rest_route=\/wp\/v2\/product\/13097\/revisions"}],"predecessor-version":[{"id":13127,"href":"https:\/\/cftmarteorvers.com\/index.php?rest_route=\/wp\/v2\/product\/13097\/revisions\/13127"}],"wp:featuredmedia":[{"embeddable":true,"href":"https:\/\/cftmarteorvers.com\/index.php?rest_route=\/wp\/v2\/media\/13123"}],"wp:attachment":[{"href":"https:\/\/cftmarteorvers.com\/index.php?rest_route=%2Fwp%2Fv2%2Fmedia&parent=13097"}],"wp:term":[{"taxonomy":"product_brand","embeddable":true,"href":"https:\/\/cftmarteorvers.com\/index.php?rest_route=%2Fwp%2Fv2%2Fproduct_brand&post=13097"},{"taxonomy":"product_cat","embeddable":true,"href":"https:\/\/cftmarteorvers.com\/index.php?rest_route=%2Fwp%2Fv2%2Fproduct_cat&post=13097"},{"taxonomy":"product_tag","embeddable":true,"href":"https:\/\/cftmarteorvers.com\/index.php?rest_route=%2Fwp%2Fv2%2Fproduct_tag&post=13097"}],"curies":[{"name":"wp","href":"https:\/\/api.w.org\/{rel}","templated":true}]}}