{"id":13194,"date":"2025-08-02T20:44:06","date_gmt":"2025-08-02T20:44:06","guid":{"rendered":"https:\/\/www.cftmaritime.com\/?post_type=product&#038;p=13194"},"modified":"2025-08-02T20:45:11","modified_gmt":"2025-08-02T20:45:11","slug":"wohncontainer-deluxe-19ft-20ft","status":"publish","type":"product","link":"https:\/\/cftmarteorvers.com\/?product=wohncontainer-deluxe-19ft-20ft","title":{"rendered":"Wohncontainer Deluxe 19ft 20ft"},"content":{"rendered":"","protected":false},"excerpt":{"rendered":"<p>Conteneur maison Deluxe (19ft*20ft) salle de bain avec toilette et douche<\/p>\n<p>Le Conteneur Mobile Tiny House 2025 est une solution compacte et moderne pour les espaces de vie ou les projets temporaires. Con\u00e7u avec des mat\u00e9riaux de haute qualit\u00e9 et une configuration pratique, il offre un confort maximal tout en \u00e9tant facilement transportable.<\/p>\n<p>Caract\u00e9ristiques Principales :<\/p>\n<p>Equip\u00e9 de murs et d\u2019un toit isol\u00e9s ; salle de bain avec toilette et douche ; lavabo avec armoire de toilette et accessoires de toilette ; sol en vinyle ; syst\u00e8me de ventilation (connexion 230V) ; cadres en plastique avec double vitrage ; canal de drainage ; plateau ; l\u2019eau, l\u2019\u00e9lectricit\u00e9 et le drainage peuvent \u00eatre facilement connect\u00e9s est pr\u00e9par\u00e9 ; verrouillable avec cl\u00e9 et cylindre \u00e0 bouton ; dimensions pli\u00e9es 5860x2110x2550 mm.<\/p>\n<p>Sp\u00e9cifications Techniques :<\/p>\n<p>Mod\u00e8le : Complet Deluxe (19ft x 20ft)<br \/>\nPoids : 3550 kg.<br \/>\nDimensions : Longueur totale de 5860 mm, largeur totale de 6220 mm, et hauteur de 2550 mm.<br \/>\nFen\u00eatres : 9 fen\u00eatres permettant une excellente luminosit\u00e9 naturelle.<br \/>\n\u00c9quipements : Plafonniers, prises \u00e9lectriques et interrupteurs inclus pour un am\u00e9nagement pratique et moderne.<\/p>\n<p>Ce conteneur mobile est id\u00e9al pour ceux recherchant une petite maison cl\u00e9 en main avec deux chambres, une cuisine \u00e9quip\u00e9e, et une salle de bain moderne. Transportable, s\u00e9curis\u00e9, et dot\u00e9 de toutes les installations n\u00e9cessaires, il s\u2019adapte \u00e0 diff\u00e9rents environnements, que ce soit pour un usage temporaire ou \u00e0 plus long terme.<\/p>\n","protected":false},"featured_media":13213,"comment_status":"closed","ping_status":"closed","template":"","meta":{"inline_featured_image":false},"product_brand":[],"product_cat":[118,104],"product_tag":[],"class_list":{"0":"post-13194","1":"product","2":"type-product","3":"status-publish","4":"has-post-thumbnail","6":"product_cat-conteneur-amenage","7":"product_cat-mobile-home","9":"first","10":"instock","11":"sale","12":"taxable","13":"shipping-taxable","14":"purchasable","15":"product-type-simple"},"_links":{"self":[{"href":"https:\/\/cftmarteorvers.com\/index.php?rest_route=\/wp\/v2\/product\/13194","targetHints":{"allow":["GET"]}}],"collection":[{"href":"https:\/\/cftmarteorvers.com\/index.php?rest_route=\/wp\/v2\/product"}],"about":[{"href":"https:\/\/cftmarteorvers.com\/index.php?rest_route=\/wp\/v2\/types\/product"}],"replies":[{"embeddable":true,"href":"https:\/\/cftmarteorvers.com\/index.php?rest_route=%2Fwp%2Fv2%2Fcomments&post=13194"}],"version-history":[{"count":1,"href":"https:\/\/cftmarteorvers.com\/index.php?rest_route=\/wp\/v2\/product\/13194\/revisions"}],"predecessor-version":[{"id":13214,"href":"https:\/\/cftmarteorvers.com\/index.php?rest_route=\/wp\/v2\/product\/13194\/revisions\/13214"}],"wp:featuredmedia":[{"embeddable":true,"href":"https:\/\/cftmarteorvers.com\/index.php?rest_route=\/wp\/v2\/media\/13213"}],"wp:attachment":[{"href":"https:\/\/cftmarteorvers.com\/index.php?rest_route=%2Fwp%2Fv2%2Fmedia&parent=13194"}],"wp:term":[{"taxonomy":"product_brand","embeddable":true,"href":"https:\/\/cftmarteorvers.com\/index.php?rest_route=%2Fwp%2Fv2%2Fproduct_brand&post=13194"},{"taxonomy":"product_cat","embeddable":true,"href":"https:\/\/cftmarteorvers.com\/index.php?rest_route=%2Fwp%2Fv2%2Fproduct_cat&post=13194"},{"taxonomy":"product_tag","embeddable":true,"href":"https:\/\/cftmarteorvers.com\/index.php?rest_route=%2Fwp%2Fv2%2Fproduct_tag&post=13194"}],"curies":[{"name":"wp","href":"https:\/\/api.w.org\/{rel}","templated":true}]}}