{"id":13215,"date":"2025-08-02T20:57:59","date_gmt":"2025-08-02T20:57:59","guid":{"rendered":"https:\/\/www.cftmaritime.com\/?post_type=product&#038;p=13215"},"modified":"2025-08-09T09:21:38","modified_gmt":"2025-08-09T09:21:38","slug":"mobiler-wohncontainer-tiny-house-3-pieces-de-70m2","status":"publish","type":"product","link":"https:\/\/cftmarteorvers.com\/?product=mobiler-wohncontainer-tiny-house-3-pieces-de-70m2","title":{"rendered":"Mobiler Wohncontainer Tiny House 3 pi\u00e8ces de 70m2"},"content":{"rendered":"","protected":false},"excerpt":{"rendered":"<blockquote><p>&nbsp;<\/p>\n<p>Conteneur mobile Tiny House 3 pi\u00e8ces de 70m2 maison pr\u00e9fabriqu\u00e9e pliable et mobile<br \/>\nCette petite maison offre une solution de vie compacte et moderne, id\u00e9ale pour les minimalistes ou comme mobil-home. La maison est enti\u00e8rement \u00e9quip\u00e9e avec une salle de bain, un salon, une cuisine et deux pi\u00e8ces suppl\u00e9mentaires.<\/p>\n<p>Pi\u00e8ces et dimensions<br \/>\nSalle de bain:<\/p>\n<p>Dimensions : 1,31 m de large et 2,85 m de long<br \/>\nLa salle de bain est \u00e9quip\u00e9e d\u2019un WC, d\u2019un lavabo avec meuble vasque et d\u2019un coin douche. Il pr\u00e9sente des \u00e9quipements modernes et un design \u00e9pur\u00e9 et minimaliste.<br \/>\nS\u00e9jour et cuisine :<\/p>\n<p>Dimensions : 6,15 m de large et 2,45 m de long<br \/>\nL\u2019espace de vie ouvert combine le salon et la cuisine en un seul grand espace. La cuisine est \u00e9quip\u00e9e d\u2019un \u00e9vier, de plans de travail et d\u2019espaces de rangement. Le salon offre suffisamment d\u2019espace pour une conception et un ameublement individuels.<br \/>\nChambre 1 et Chambre 2 :<\/p>\n<p>Dimensions : Les deux pi\u00e8ces mesurent 2,36 m de large et 2,76 m de long<br \/>\nCes pi\u00e8ces peuvent \u00eatre utilis\u00e9es comme chambres, salles d\u2019\u00e9tude ou espace de rangement suppl\u00e9mentaire. Ils offrent suffisamment d\u2019espace pour les lits, les armoires et autres meubles.<br \/>\nDimensions de la maison<br \/>\nOuvert:<\/p>\n<p>Largeur (vue de la porte d\u2019entr\u00e9e) : 6,30 m<br \/>\nLongueur : 5,90 m<br \/>\nHauteur : 2,50 m<br \/>\nFerm\u00e9:<\/p>\n<p>Largeur : 2,20 m<br \/>\nLongueur : 5,90 m<br \/>\nHauteur : 2,50 m<br \/>\nPoids<br \/>\nLa petite maison p\u00e8se environ 2500 kg.<br \/>\nConclusion<br \/>\nCette petite maison est une excellente solution pour tous ceux qui recherchent une maison mobile, peu encombrante et \u00e9l\u00e9gante. Avec ses \u00e9quipements modernes et ses agencements de pi\u00e8ces bien pens\u00e9s, il offre un confort maximal dans le plus petit espace.<\/p><\/blockquote>\n","protected":false},"featured_media":13226,"comment_status":"closed","ping_status":"closed","template":"","meta":{"inline_featured_image":false},"product_brand":[],"product_cat":[144,143,118,122,104],"product_tag":[],"class_list":{"0":"post-13215","1":"product","2":"type-product","3":"status-publish","4":"has-post-thumbnail","6":"product_cat-bungalows-de-construction","7":"product_cat-bungalows-speciaux","8":"product_cat-conteneur-amenage","9":"product_cat-mobil-homes","10":"product_cat-mobile-home","12":"first","13":"instock","14":"sale","15":"taxable","16":"shipping-taxable","17":"purchasable","18":"product-type-simple"},"_links":{"self":[{"href":"https:\/\/cftmarteorvers.com\/index.php?rest_route=\/wp\/v2\/product\/13215","targetHints":{"allow":["GET"]}}],"collection":[{"href":"https:\/\/cftmarteorvers.com\/index.php?rest_route=\/wp\/v2\/product"}],"about":[{"href":"https:\/\/cftmarteorvers.com\/index.php?rest_route=\/wp\/v2\/types\/product"}],"replies":[{"embeddable":true,"href":"https:\/\/cftmarteorvers.com\/index.php?rest_route=%2Fwp%2Fv2%2Fcomments&post=13215"}],"version-history":[{"count":1,"href":"https:\/\/cftmarteorvers.com\/index.php?rest_route=\/wp\/v2\/product\/13215\/revisions"}],"predecessor-version":[{"id":13228,"href":"https:\/\/cftmarteorvers.com\/index.php?rest_route=\/wp\/v2\/product\/13215\/revisions\/13228"}],"wp:featuredmedia":[{"embeddable":true,"href":"https:\/\/cftmarteorvers.com\/index.php?rest_route=\/wp\/v2\/media\/13226"}],"wp:attachment":[{"href":"https:\/\/cftmarteorvers.com\/index.php?rest_route=%2Fwp%2Fv2%2Fmedia&parent=13215"}],"wp:term":[{"taxonomy":"product_brand","embeddable":true,"href":"https:\/\/cftmarteorvers.com\/index.php?rest_route=%2Fwp%2Fv2%2Fproduct_brand&post=13215"},{"taxonomy":"product_cat","embeddable":true,"href":"https:\/\/cftmarteorvers.com\/index.php?rest_route=%2Fwp%2Fv2%2Fproduct_cat&post=13215"},{"taxonomy":"product_tag","embeddable":true,"href":"https:\/\/cftmarteorvers.com\/index.php?rest_route=%2Fwp%2Fv2%2Fproduct_tag&post=13215"}],"curies":[{"name":"wp","href":"https:\/\/api.w.org\/{rel}","templated":true}]}}