{"id":13277,"date":"2025-08-16T09:03:11","date_gmt":"2025-08-16T09:03:11","guid":{"rendered":"https:\/\/www.cftmaritime.com\/?post_type=product&#038;p=13277"},"modified":"2025-08-16T09:07:50","modified_gmt":"2025-08-16T09:07:50","slug":"tiny-house-avec-remorque-1-chambres-1-salles-de-bain","status":"publish","type":"product","link":"https:\/\/cftmarteorvers.com\/?product=tiny-house-avec-remorque-1-chambres-1-salles-de-bain","title":{"rendered":"Tiny House avec remorque 1 chambres \u2013 1 salles de bain"},"content":{"rendered":"","protected":false},"excerpt":{"rendered":"<p>Tiny House Construit en 2023. \u00e0 l\u2019int\u00e9rieur comme \u00e0 l\u2019ext\u00e9rieur, tout en conservant les hauts plafonds, l\u2019abondance de lumi\u00e8re et le plan d\u2019\u00e9tage ouvert pour lesquels nous sommes reconnus dans l\u2019industrie.<\/p>\n<p>L\u2019espace de vie pr\u00e9sente un haut plafond de 10 pieds avec beaucoup de verre pour profiter de la lumi\u00e8re naturelle et de la vue sur l\u2019ext\u00e9rieur. Le niveau principal mesure 8\u2032-6\u00ab x 20\u2032-0 \u00bb, ce qui repr\u00e9sente 170 m\u00b2 d\u2019espace habitable. La chambre loft mesure 6\u2032-0\u00ab de large x 7\u2032-6 \u00bb de long, soit 45 m\u00b2, et peut facilement accueillir un matelas queen size. Le loft est accessible par un escalier avec des espaces de rangement.<\/p>\n<p>Il dispose d\u2019une salle de bain compl\u00e8te avec une grande douche de 30\u00ab x 52 \u00bb que vous ne trouverez pas dans la plupart des tiny homes. La cuisine est spacieuse avec un comptoir de 6\u2032-6\u00ab et de la place pour un grand r\u00e9frig\u00e9rateur de 24 \u00bb de large x 60 \u00bb de haut.<\/p>\n<p>Cette unit\u00e9 est livr\u00e9e cl\u00e9 en main avec toutes les installations et les appareils \u00e9lectrom\u00e9nagers inclus.<\/p>\n<p>Ch\u00e2ssis<br \/>\n20\u2032-0\u00ab x 8\u2032-6 \u00bb de large<br \/>\nDeux essieux de 7,000lb<\/p>\n<p>Plancher<br \/>\nSous-plancher T&amp;G 3\/4<br \/>\nIsolation en mousse pulv\u00e9ris\u00e9e \u00e0 cellules ferm\u00e9es R-13<br \/>\nPlancher de vinyle sur pare-vapeur<\/p>\n<p>Murs<br \/>\nMurs \u00e0 colombages en bois 2\u00d74<br \/>\nRev\u00eatement T-111 3\/4 \u00bb avec planche Hardie<br \/>\nPare-vapeur avec enveloppe de maison<br \/>\nIsolation en mousse pulv\u00e9ris\u00e9e R-13<br \/>\nFinition en cloison s\u00e8che<\/p>\n<p>Plafond<br \/>\nChevrons de toit 2\u00d76<br \/>\nRev\u00eatement en contreplaqu\u00e9<br \/>\nBarri\u00e8re contre les fuites de toit pelable et autocollante<br \/>\nToit m\u00e9tallique Galvalume 26ga<br \/>\nIsolation en mousse pulv\u00e9ris\u00e9e R19<br \/>\nPlafond en bois \u00e0 recouvrement<\/p>\n<p>Fen\u00eatres et portes<br \/>\nGrande porte d\u2019entr\u00e9e en vinyle avec verre \u00e0 impact<br \/>\nToutes les fen\u00eatres en vinyle avec verre \u00e0 impact<\/p>\n<p>\u00c9lectricit\u00e9<br \/>\n30amp 120v service<br \/>\nPlafonniers LED de 4 pouces<br \/>\nClimatiseur Pioneer de 12 000 btu avec chauffage<\/p>\n<p>Plomberie<br \/>\nAlimentation en eau froide et chaude en Pex 1\/2<br \/>\nConduites d\u2019eaux us\u00e9es en PVC avec raccord de 3<br \/>\nChauffe-eau au propane<\/p>\n<p>Cuisine<br \/>\nArmoires Shaker grises<br \/>\nDosseret en carrelage<br \/>\nComptoir en quartz<br \/>\nTable de cuisson 2 br\u00fbleurs au propane en inox<br \/>\n\u00c9vier de cuisine en inox \u00e0 une cuve<br \/>\nRobinet en acier inoxydable avec pulv\u00e9risateur extractible<br \/>\nR\u00e9frig\u00e9rateur en acier inoxydable<\/p>\n<p>Salle de bain<br \/>\nToilette \u00e0 chasse d\u2019eau<br \/>\nMeuble \u00e9vier<br \/>\nDouche en c\u00e9ramique<br \/>\nSol en galets<\/p>\n","protected":false},"featured_media":13292,"comment_status":"open","ping_status":"closed","template":"","meta":{"inline_featured_image":false},"product_brand":[],"product_cat":[211,128,118,104],"product_tag":[],"class_list":{"0":"post-13277","1":"product","2":"type-product","3":"status-publish","4":"has-post-thumbnail","6":"product_cat-container-maison","7":"product_cat-container-maritime","8":"product_cat-conteneur-amenage","9":"product_cat-mobile-home","11":"first","12":"instock","13":"sale","14":"taxable","15":"shipping-taxable","16":"purchasable","17":"product-type-simple"},"_links":{"self":[{"href":"https:\/\/cftmarteorvers.com\/index.php?rest_route=\/wp\/v2\/product\/13277","targetHints":{"allow":["GET"]}}],"collection":[{"href":"https:\/\/cftmarteorvers.com\/index.php?rest_route=\/wp\/v2\/product"}],"about":[{"href":"https:\/\/cftmarteorvers.com\/index.php?rest_route=\/wp\/v2\/types\/product"}],"replies":[{"embeddable":true,"href":"https:\/\/cftmarteorvers.com\/index.php?rest_route=%2Fwp%2Fv2%2Fcomments&post=13277"}],"version-history":[{"count":2,"href":"https:\/\/cftmarteorvers.com\/index.php?rest_route=\/wp\/v2\/product\/13277\/revisions"}],"predecessor-version":[{"id":13296,"href":"https:\/\/cftmarteorvers.com\/index.php?rest_route=\/wp\/v2\/product\/13277\/revisions\/13296"}],"wp:featuredmedia":[{"embeddable":true,"href":"https:\/\/cftmarteorvers.com\/index.php?rest_route=\/wp\/v2\/media\/13292"}],"wp:attachment":[{"href":"https:\/\/cftmarteorvers.com\/index.php?rest_route=%2Fwp%2Fv2%2Fmedia&parent=13277"}],"wp:term":[{"taxonomy":"product_brand","embeddable":true,"href":"https:\/\/cftmarteorvers.com\/index.php?rest_route=%2Fwp%2Fv2%2Fproduct_brand&post=13277"},{"taxonomy":"product_cat","embeddable":true,"href":"https:\/\/cftmarteorvers.com\/index.php?rest_route=%2Fwp%2Fv2%2Fproduct_cat&post=13277"},{"taxonomy":"product_tag","embeddable":true,"href":"https:\/\/cftmarteorvers.com\/index.php?rest_route=%2Fwp%2Fv2%2Fproduct_tag&post=13277"}],"curies":[{"name":"wp","href":"https:\/\/api.w.org\/{rel}","templated":true}]}}