{"id":13297,"date":"2025-08-16T09:19:04","date_gmt":"2025-08-16T09:19:04","guid":{"rendered":"https:\/\/www.cftmaritime.com\/?post_type=product&#038;p=13297"},"modified":"2025-08-29T08:32:17","modified_gmt":"2025-08-29T08:32:17","slug":"conteneur-maritime-20%e2%80%b2-iicl6-avec-porte-sectionnelle-motorisee","status":"publish","type":"product","link":"https:\/\/cftmarteorvers.com\/?product=conteneur-maritime-20%e2%80%b2-iicl6-avec-porte-sectionnelle-motorisee","title":{"rendered":"Conteneur maritime 20\u2032 IICL6 avec porte sectionnelle motoris\u00e9e"},"content":{"rendered":"","protected":false},"excerpt":{"rendered":"<p>Conteneur maritime 20 pieds, une voie maritime, qualit\u00e9 IICL6, \u00e9quip\u00e9 d\u2019une porte sectionnelle motoris\u00e9e et d\u2019\u00e9l\u00e9ments personnalis\u00e9s. Id\u00e9al pour garage, atelier ou abri de jardin.<\/p>\n<p>&nbsp;<\/p>\n<p><strong>Description d\u00e9taill\u00e9e :<\/strong><br \/>\nCe conteneur maritime 20\u2032 d\u2019une voie, conforme \u00e0 la norme IICL6, est sp\u00e9cialement am\u00e9nag\u00e9 pour offrir un espace s\u00e9curis\u00e9 et fonctionnel avec un haut niveau de finition. Gr\u00e2ce \u00e0 sa porte sectionnelle motoris\u00e9e, il est parfaitement adapt\u00e9 pour une utilisation en garage, atelier ou espace de rangement moderne et facile d\u2019acc\u00e8s.<\/p>\n<p>La structure de base est un conteneur maritime ISO en acier corten, robuste, r\u00e9sistant aux intemp\u00e9ries et durable. Il est \u00e9quip\u00e9 d\u2019une porte sectionnelle Reno Matic de dimensions 2 140 x 2 250 mm, finition Woodgrain de couleur RAL 7016 (gris anthracite), avec entra\u00eenement \u00e9lectrique, barre ProLift + M et deux t\u00e9l\u00e9commandes. La porte dispose \u00e9galement d\u2019un syst\u00e8me d\u2019ouverture d\u2019urgence par cl\u00e9 en cas de panne de courant.<\/p>\n<p>Le conteneur comprend \u00e9galement deux barres galvanis\u00e9es, un profil\u00e9 int\u00e9rieur pour installation \u00e9lectrique et une fen\u00eatre fixe assortie, \u00e9galement de couleur RAL 7016, pour un apport de lumi\u00e8re naturelle tout en conservant une esth\u00e9tique sobre et moderne.<\/p>\n<p>&nbsp;<\/p>\n<p><strong>Dimensions ext\u00e9rieures<\/strong>\u00a0:<br \/>\nLongueur : 6,06 m\u00e8tres<br \/>\nLargeur : 2,44 m\u00e8tres<br \/>\nHauteur : 2,59 m\u00e8tres<\/p>\n<p>&nbsp;<\/p>\n<p><strong>Dimensions int\u00e9rieures<\/strong>\u00a0:<br \/>\nLongueur utile : environ 5,90 m\u00e8tres<br \/>\nLargeur : 2,35 m\u00e8tres<br \/>\nHauteur utile : environ 2,39 m\u00e8tres<br \/>\nVolume utile : environ 33 m\u00e8tres cubes<\/p>\n<p>La capacit\u00e9 de charge peut atteindre jusqu\u2019\u00e0 28 000 kg.<\/p>\n<p>&nbsp;<\/p>\n<p>Ce conteneur 20\u2032 am\u00e9nag\u00e9 combine solidit\u00e9, praticit\u00e9 et design. Il constitue une solution cl\u00e9 en main, pr\u00eate \u00e0 l\u2019emploi, pour toute personne souhaitant un espace ferm\u00e9, s\u00e9curis\u00e9, et moderne, que ce soit comme garage, espace de stockage haut de gamme ou atelier personnel.<\/p>\n","protected":false},"featured_media":13305,"comment_status":"open","ping_status":"closed","template":"","meta":{"inline_featured_image":false},"product_brand":[],"product_cat":[117,103,119],"product_tag":[],"class_list":{"0":"post-13297","1":"product","2":"type-product","3":"status-publish","4":"has-post-thumbnail","6":"product_cat-containers","7":"product_cat-conteneur-neuf-et-occasions","8":"product_cat-conteneurs-neufs-et-occasions","10":"first","11":"instock","12":"taxable","13":"shipping-taxable","14":"purchasable","15":"product-type-simple"},"_links":{"self":[{"href":"https:\/\/cftmarteorvers.com\/index.php?rest_route=\/wp\/v2\/product\/13297","targetHints":{"allow":["GET"]}}],"collection":[{"href":"https:\/\/cftmarteorvers.com\/index.php?rest_route=\/wp\/v2\/product"}],"about":[{"href":"https:\/\/cftmarteorvers.com\/index.php?rest_route=\/wp\/v2\/types\/product"}],"replies":[{"embeddable":true,"href":"https:\/\/cftmarteorvers.com\/index.php?rest_route=%2Fwp%2Fv2%2Fcomments&post=13297"}],"version-history":[{"count":1,"href":"https:\/\/cftmarteorvers.com\/index.php?rest_route=\/wp\/v2\/product\/13297\/revisions"}],"predecessor-version":[{"id":13313,"href":"https:\/\/cftmarteorvers.com\/index.php?rest_route=\/wp\/v2\/product\/13297\/revisions\/13313"}],"wp:featuredmedia":[{"embeddable":true,"href":"https:\/\/cftmarteorvers.com\/index.php?rest_route=\/wp\/v2\/media\/13305"}],"wp:attachment":[{"href":"https:\/\/cftmarteorvers.com\/index.php?rest_route=%2Fwp%2Fv2%2Fmedia&parent=13297"}],"wp:term":[{"taxonomy":"product_brand","embeddable":true,"href":"https:\/\/cftmarteorvers.com\/index.php?rest_route=%2Fwp%2Fv2%2Fproduct_brand&post=13297"},{"taxonomy":"product_cat","embeddable":true,"href":"https:\/\/cftmarteorvers.com\/index.php?rest_route=%2Fwp%2Fv2%2Fproduct_cat&post=13297"},{"taxonomy":"product_tag","embeddable":true,"href":"https:\/\/cftmarteorvers.com\/index.php?rest_route=%2Fwp%2Fv2%2Fproduct_tag&post=13297"}],"curies":[{"name":"wp","href":"https:\/\/api.w.org\/{rel}","templated":true}]}}