{"id":13361,"date":"2025-08-16T12:19:17","date_gmt":"2025-08-16T12:19:17","guid":{"rendered":"https:\/\/www.cftmaritime.com\/?post_type=product&#038;p=13361"},"modified":"2025-08-16T17:42:50","modified_gmt":"2025-08-16T17:42:50","slug":"remorque-sanitaire-4-wc-3-urinoirs-3-lavabos","status":"publish","type":"product","link":"https:\/\/cftmarteorvers.com\/?product=remorque-sanitaire-4-wc-3-urinoirs-3-lavabos","title":{"rendered":"Remorque sanitaire 4 WC 3 urinoirs 3 lavabos"},"content":{"rendered":"","protected":false},"excerpt":{"rendered":"<p>Remorque sanitaire 4 WC 3 urinoirs 3 lavabos<br \/>\nNotre remorque sanitaire WC de derni\u00e8re g\u00e9n\u00e9ration vous attend avec plusieurs innovations. La main courante \u00e0 l\u2019entr\u00e9e, le sol en faux parquet et les urinoirs sans eau sont quelques exemples des techniques modernes install\u00e9es pour vous dans cette remorque WC.<\/p>\n<p>La remorque WC se distingue par son design int\u00e9rieur haut de gamme et sa technologie dernier cri. Gr\u00e2ce \u00e0 la qualit\u00e9 sup\u00e9rieure des mat\u00e9riaux utilis\u00e9s pour sa conception, la remorque WC VIP r\u00e9pond \u00e0 toutes les attentes.<br \/>\nINSTALLATION SUR UN SOL PLAT, SOLIDE<br \/>\nREQUIERT UN RACCORDEMENT D&rsquo;\u00c9LECTRIQUE, D\u2019ARRIV\u00c9E ET D\u2019\u00c9VACUATION D\u2019EAU<br \/>\nEN OPTION: RACCORDEMENT R\u00c9ALIS\u00c9 PAR NOTRE PERSONNEL QUALIFI\u00c9<br \/>\nLongueur: 6,10 m<br \/>\nLargeur: 2,50 m<br \/>\nHauteur: 3,15 m<br \/>\nLongueur du timon: 1,40 m (lat\u00e9ralment articul\u00e9)<br \/>\nPoids: 2100 kg<br \/>\nConnexion eau propre: Raccord GEKA 3\/4&Prime;<br \/>\nConnexion eaux us\u00e9es: Tube HT NW 110<br \/>\nConnexion \u00e9lectrique: 400 V\/16 A &#8211; Lumi\u00e8re<br \/>\nConnexion \u00e9lectrique: 400 V\/32 A &#8211; Lumi\u00e8re\/Chaudi\u00e8re\/Chauffage<br \/>\nConsommation d&rsquo;\u00e9lectricit\u00e9: 6 kW &#8211; Lum\u00e8re<br \/>\nConsommation d&rsquo;\u00e9lectricit\u00e9: 8 kW &#8211; Lum\u00e8re\/Chaudi\u00e8re\/Chauffage<br \/>\nChaudi\u00e8re d&rsquo;eau chaude: 30 litres<\/p>\n","protected":false},"featured_media":13362,"comment_status":"closed","ping_status":"closed","template":"","meta":{"inline_featured_image":false},"product_brand":[],"product_cat":[120],"product_tag":[],"class_list":{"0":"post-13361","1":"product","2":"type-product","3":"status-publish","4":"has-post-thumbnail","6":"product_cat-conteneurs-sanitaire","8":"first","9":"instock","10":"sale","11":"taxable","12":"shipping-taxable","13":"purchasable","14":"product-type-simple"},"_links":{"self":[{"href":"https:\/\/cftmarteorvers.com\/index.php?rest_route=\/wp\/v2\/product\/13361","targetHints":{"allow":["GET"]}}],"collection":[{"href":"https:\/\/cftmarteorvers.com\/index.php?rest_route=\/wp\/v2\/product"}],"about":[{"href":"https:\/\/cftmarteorvers.com\/index.php?rest_route=\/wp\/v2\/types\/product"}],"replies":[{"embeddable":true,"href":"https:\/\/cftmarteorvers.com\/index.php?rest_route=%2Fwp%2Fv2%2Fcomments&post=13361"}],"version-history":[{"count":1,"href":"https:\/\/cftmarteorvers.com\/index.php?rest_route=\/wp\/v2\/product\/13361\/revisions"}],"predecessor-version":[{"id":13368,"href":"https:\/\/cftmarteorvers.com\/index.php?rest_route=\/wp\/v2\/product\/13361\/revisions\/13368"}],"wp:featuredmedia":[{"embeddable":true,"href":"https:\/\/cftmarteorvers.com\/index.php?rest_route=\/wp\/v2\/media\/13362"}],"wp:attachment":[{"href":"https:\/\/cftmarteorvers.com\/index.php?rest_route=%2Fwp%2Fv2%2Fmedia&parent=13361"}],"wp:term":[{"taxonomy":"product_brand","embeddable":true,"href":"https:\/\/cftmarteorvers.com\/index.php?rest_route=%2Fwp%2Fv2%2Fproduct_brand&post=13361"},{"taxonomy":"product_cat","embeddable":true,"href":"https:\/\/cftmarteorvers.com\/index.php?rest_route=%2Fwp%2Fv2%2Fproduct_cat&post=13361"},{"taxonomy":"product_tag","embeddable":true,"href":"https:\/\/cftmarteorvers.com\/index.php?rest_route=%2Fwp%2Fv2%2Fproduct_tag&post=13361"}],"curies":[{"name":"wp","href":"https:\/\/api.w.org\/{rel}","templated":true}]}}