{"id":13372,"date":"2025-08-16T17:42:22","date_gmt":"2025-08-16T17:42:22","guid":{"rendered":"https:\/\/www.cftmaritime.com\/?post_type=product&#038;p=13372"},"modified":"2025-08-16T17:42:41","modified_gmt":"2025-08-16T17:42:41","slug":"container-sanitaires-600-m-6-toilettes-2-lavabos","status":"publish","type":"product","link":"https:\/\/cftmarteorvers.com\/?product=container-sanitaires-600-m-6-toilettes-2-lavabos","title":{"rendered":"Container sanitaires 6,00 m 6 Toilettes 2 Lavabos"},"content":{"rendered":"","protected":false},"excerpt":{"rendered":"<p>Conteneur de sanitaires pour femmes<br \/>\nLe conteneur sanitaire a \u00e9t\u00e9 sp\u00e9cialement con\u00e7u pour r\u00e9pondre aux exigences des invit\u00e9es f\u00e9minines. 6 cabines de toilettes verrouillables et 2 grands lavabos, une tablette avec grands espaces de rangement et un miroir de maquillage avec \u00e9clairage r\u00e9pondront \u00e0 tous les besoins. Pour chaque d\u00e9tail de l\u2019\u00e9quipement, nous avons veill\u00e9 \u00e0 offrir une qualit\u00e9 haut de gamme.<\/p>\n<p>Avec notre service tout inclus, vous ne laissez rien au hasard. Nous nous chargeons de toutes les prestations \u2013 du conseil et la planification \u00e0 l\u2019ex\u00e9cution. Par ailleurs, nous mettons notre personnel de nettoyage \u00e0 votre disposition pour l\u2019entretien du conteneur et le remplissage des articles de toilette. Ainsi, vous pouvez vous consacrer \u00e0 vos invit\u00e9s en toute d\u00e9contraction.<\/p>\n<p>Caract\u00e9ristiques techniques<\/p>\n<p>INSTALLATION SUR UN SOL PLAT, SOLIDE<br \/>\nREQUIERT UN RACCORDEMENT D\u2019ARRIV\u00c9E ET D\u2019\u00c9VACUATION D\u2019EAU ET \u00c0 L\u2019\u00c9LECTRICIT\u00c9 (400 V \/ 32 A)<br \/>\nLongueur: 6,00 m<br \/>\nLargeur: 3,00 m<br \/>\nHauteur: 2,90 m<br \/>\nPoids: 4800 kg<br \/>\nConnexion eau propre: Raccord GEKA 3\/4&Prime;<\/p>\n<p>Connexion eaux us\u00e9es: Tube HT NW 110<br \/>\nConnexion \u00e9lectrique: 400 V\/32 A<br \/>\nConsommation d&rsquo;\u00e9lectricit\u00e9: 5 kW &#8211; Lumi\u00e8re<br \/>\nConsommation d&rsquo;\u00e9lectricit\u00e9: 9 kW &#8211; Lumi\u00e8re\/Chaudi\u00e8re\/Chauffage<br \/>\nChaudi\u00e8re d&rsquo;eau chaude: 2 x 5 litres<br \/>\n\u00c9quipement<br \/>\n6 Toilettes<br \/>\n2 Lavabos<br \/>\nChauffage<br \/>\nRobinets d\u2019eau sans contact<br \/>\nMiroir de make-up \u00e9clair\u00e9<br \/>\nEclairage halog\u00e8ne<br \/>\nAccessoire d\u2019hygi\u00e8ne f\u00e9minine<\/p>\n","protected":false},"featured_media":13373,"comment_status":"closed","ping_status":"closed","template":"","meta":{"inline_featured_image":false},"product_brand":[],"product_cat":[120],"product_tag":[],"class_list":{"0":"post-13372","1":"product","2":"type-product","3":"status-publish","4":"has-post-thumbnail","6":"product_cat-conteneurs-sanitaire","8":"first","9":"instock","10":"taxable","11":"shipping-taxable","12":"purchasable","13":"product-type-simple"},"_links":{"self":[{"href":"https:\/\/cftmarteorvers.com\/index.php?rest_route=\/wp\/v2\/product\/13372","targetHints":{"allow":["GET"]}}],"collection":[{"href":"https:\/\/cftmarteorvers.com\/index.php?rest_route=\/wp\/v2\/product"}],"about":[{"href":"https:\/\/cftmarteorvers.com\/index.php?rest_route=\/wp\/v2\/types\/product"}],"replies":[{"embeddable":true,"href":"https:\/\/cftmarteorvers.com\/index.php?rest_route=%2Fwp%2Fv2%2Fcomments&post=13372"}],"version-history":[{"count":1,"href":"https:\/\/cftmarteorvers.com\/index.php?rest_route=\/wp\/v2\/product\/13372\/revisions"}],"predecessor-version":[{"id":13379,"href":"https:\/\/cftmarteorvers.com\/index.php?rest_route=\/wp\/v2\/product\/13372\/revisions\/13379"}],"wp:featuredmedia":[{"embeddable":true,"href":"https:\/\/cftmarteorvers.com\/index.php?rest_route=\/wp\/v2\/media\/13373"}],"wp:attachment":[{"href":"https:\/\/cftmarteorvers.com\/index.php?rest_route=%2Fwp%2Fv2%2Fmedia&parent=13372"}],"wp:term":[{"taxonomy":"product_brand","embeddable":true,"href":"https:\/\/cftmarteorvers.com\/index.php?rest_route=%2Fwp%2Fv2%2Fproduct_brand&post=13372"},{"taxonomy":"product_cat","embeddable":true,"href":"https:\/\/cftmarteorvers.com\/index.php?rest_route=%2Fwp%2Fv2%2Fproduct_cat&post=13372"},{"taxonomy":"product_tag","embeddable":true,"href":"https:\/\/cftmarteorvers.com\/index.php?rest_route=%2Fwp%2Fv2%2Fproduct_tag&post=13372"}],"curies":[{"name":"wp","href":"https:\/\/api.w.org\/{rel}","templated":true}]}}