{"id":13468,"date":"2025-08-21T04:29:17","date_gmt":"2025-08-21T04:29:17","guid":{"rendered":"https:\/\/www.cftmaritime.com\/?post_type=product&#038;p=13468"},"modified":"2025-08-21T04:29:17","modified_gmt":"2025-08-21T04:29:17","slug":"grand-conteneur-de-stockage-modele-standard-8-x-2-metres","status":"publish","type":"product","link":"https:\/\/cftmarteorvers.com\/?product=grand-conteneur-de-stockage-modele-standard-8-x-2-metres","title":{"rendered":"Grand conteneur de stockage mod\u00e8le standard 8 x 2 m\u00e8tres"},"content":{"rendered":"<p>Grand conteneur de stockage 8\u00d72 m\u00e8tres<\/p>\n<p>Pour les besoins de stockage plus important, nous offrons la possibilit\u00e9 de joindre deux de nos conteneurs 4\u00d72 ensemble sur le c\u00f4t\u00e9 2 m\u00e8tres, pour former notre grand conteneur de stockage 8\u00d72 m\u00e8tres. Cette liaison est \u00e9tanche et invisible de l\u2019ext\u00e9rieur, et ne poss\u00e8de pas de paroi interne.<\/p>\n<p>Vu que ce conteneur est compos\u00e9 d\u2019\u00e9l\u00e9ments plus petits, les panneaux les plus grands sont de 4\u00d72 m\u00e8tres. Ce conteneur reste donc facile \u00e0 monter et \u00e0 d\u00e9monter, et peut se faire transporter sur une transpalette ou une remorque plateau, sans avoir besoin de faire recours aux convois exceptionnels. Vous pourriez m\u00eame le d\u00e9monter et le transporter \u00e0 la main, panneau par panneau.<\/p>\n<p>Et avec ses grandes double-portes de 175 centim\u00e8tres, n\u2019importe quel de vos affaires pourra rentrer et sera prot\u00e9g\u00e9 du vol, puisque nos conteneurs sont \u00e9quip\u00e9s d\u2019une double serrure \u00e0 3 points, et le conteneur est viss\u00e9 de l\u2019int\u00e9rieur.<\/p>\n<p>Nos grand conteneurs de stockage 8\u00d72 m\u00e8tres poss\u00e8dent donc de nombreuses configurations possible. En outre, les panneaux de m\u00eame taille sont interchangeables, donc n\u2019h\u00e9sitez pas \u00e0 nous contacter pour savoir tous nos possibilit\u00e9s.<\/p>\n<p>Les t\u00f4les de notre conteneur d\u00e9montable font 70% de l\u2019\u00e9paisseur des parois des conteneurs maritimes, l\u00e9gers mais toujours solides. Ils sont faits en acier galvanis\u00e9 recouvert d\u2019une peinture thermolaqu\u00e9, et sont r\u00e9sistant \u00e0 la rouille et aux conditions ext\u00e9rieures. En plus de \u00e7a, la goutti\u00e8re est comprise dans la construction du toit, et prot\u00e8ge le conteneur des intemp\u00e9ries.<\/p>\n<p>Alors que le conteneur maritime n\u00e9cessite des am\u00e9nagements sp\u00e9ciaux pour \u00e9viter les d\u00e9g\u00e2ts du sol, nos conteneurs d\u00e9montables sont les seuls du march\u00e9 \u00e0 avoir un sol sur\u00e9lev\u00e9, compos\u00e9 de planches OSB 3 pos\u00e9 sur un ch\u00e2ssis en m\u00e9tal. Donc si que votre terrain est plat et capable de supporter le poids du conteneur, aucun am\u00e9nagement est n\u00e9cessaire.<\/p>\n<p>Nous avons aussi en option les barres anti-infraction, les rampes d\u2019acc\u00e8s, ainsi que les \u00e9tag\u00e8res\u00a01 m\u00e8tres\u00a0ou\u00a02 m\u00e8tres.<\/p>\n<p>Tous nos conteneurs sont livr\u00e9s en kit, et sont \u00e0 assembler et am\u00e9nager par vous-m\u00eame.<\/p>\n<p>Informations compl\u00e9mentaires<\/p>\n<table>\n<tbody>\n<tr>\n<th>Taille<\/th>\n<td>8 x 2 m\u00e8tres (15m\u00b2 \/ 26 pieds), Autres tailles disponible sur demande<\/td>\n<\/tr>\n<tr>\n<th>Compos\u00e9 de<\/th>\n<td>2 conteneurs de 4 x 2 m\u00e8tres + kit de liaison<\/td>\n<\/tr>\n<tr>\n<th>Taille du colis \u00e0 la livraison<\/th>\n<td>2 colis de 4100 mm x 2200 mm x 300 mm chacun<\/td>\n<\/tr>\n<tr>\n<th>Poids total du colis<\/th>\n<td>2x 510 kg<\/td>\n<\/tr>\n<tr>\n<th>Poids de l&rsquo;\u00e9l\u00e9ment le plus lourd (le sol)<\/th>\n<td>+\/- 165 kg<\/td>\n<\/tr>\n<tr>\n<th>Livraison<\/th>\n<td>Par camion semi-remorque 21m et chariot \u00e9l\u00e9vateur<\/td>\n<\/tr>\n<tr>\n<th>Montage<\/th>\n<td>En option, pr\u00e9voir 1 \u00e0 2 personnes sur place<\/td>\n<\/tr>\n<\/tbody>\n<\/table>\n","protected":false},"excerpt":{"rendered":"<div>\n<p>Dimensions ext\u00e9rieures (LxBxH): 7765 x 2142 x 2088 mm<\/p>\n<p>Dimensions int\u00e9rieures (LxBxH): 7693 x 1990 x 1950 mm<\/p>\n<p>Temps d\u2019installation court<\/p>\n<p>Enti\u00e8rement d\u00e9montable<\/p>\n<p>Disponible dans toutes les couleurs RAL<\/p>\n<p>Construction enti\u00e8rement autoportante, y compris le plancher<\/p>\n<p>2 double-portes sont inclus dans le prix! Diff\u00e9rents configurations possible, les panneaux de m\u00eame taille sont interchangeables<\/p>\n<\/div>\n<table>\n<tbody>\n<tr>\n<th>Nombre de portes sur c\u00f4t\u00e9 8 m\u00e8tres<\/th>\n<\/tr>\n<\/tbody>\n<\/table>\n","protected":false},"featured_media":13470,"comment_status":"open","ping_status":"closed","template":"","meta":{"inline_featured_image":false},"product_brand":[],"product_cat":[117,214],"product_tag":[],"class_list":{"0":"post-13468","1":"product","2":"type-product","3":"status-publish","4":"has-post-thumbnail","6":"product_cat-containers","7":"product_cat-conteneur-de-stockage","9":"first","10":"instock","11":"taxable","12":"shipping-taxable","13":"purchasable","14":"product-type-simple"},"_links":{"self":[{"href":"https:\/\/cftmarteorvers.com\/index.php?rest_route=\/wp\/v2\/product\/13468","targetHints":{"allow":["GET"]}}],"collection":[{"href":"https:\/\/cftmarteorvers.com\/index.php?rest_route=\/wp\/v2\/product"}],"about":[{"href":"https:\/\/cftmarteorvers.com\/index.php?rest_route=\/wp\/v2\/types\/product"}],"replies":[{"embeddable":true,"href":"https:\/\/cftmarteorvers.com\/index.php?rest_route=%2Fwp%2Fv2%2Fcomments&post=13468"}],"version-history":[{"count":1,"href":"https:\/\/cftmarteorvers.com\/index.php?rest_route=\/wp\/v2\/product\/13468\/revisions"}],"predecessor-version":[{"id":13472,"href":"https:\/\/cftmarteorvers.com\/index.php?rest_route=\/wp\/v2\/product\/13468\/revisions\/13472"}],"wp:featuredmedia":[{"embeddable":true,"href":"https:\/\/cftmarteorvers.com\/index.php?rest_route=\/wp\/v2\/media\/13470"}],"wp:attachment":[{"href":"https:\/\/cftmarteorvers.com\/index.php?rest_route=%2Fwp%2Fv2%2Fmedia&parent=13468"}],"wp:term":[{"taxonomy":"product_brand","embeddable":true,"href":"https:\/\/cftmarteorvers.com\/index.php?rest_route=%2Fwp%2Fv2%2Fproduct_brand&post=13468"},{"taxonomy":"product_cat","embeddable":true,"href":"https:\/\/cftmarteorvers.com\/index.php?rest_route=%2Fwp%2Fv2%2Fproduct_cat&post=13468"},{"taxonomy":"product_tag","embeddable":true,"href":"https:\/\/cftmarteorvers.com\/index.php?rest_route=%2Fwp%2Fv2%2Fproduct_tag&post=13468"}],"curies":[{"name":"wp","href":"https:\/\/api.w.org\/{rel}","templated":true}]}}