{"id":13473,"date":"2025-08-21T04:34:00","date_gmt":"2025-08-21T04:34:00","guid":{"rendered":"https:\/\/www.cftmaritime.com\/?post_type=product&#038;p=13473"},"modified":"2025-08-21T04:34:00","modified_gmt":"2025-08-21T04:34:00","slug":"13473","status":"publish","type":"product","link":"https:\/\/cftmarteorvers.com\/?product=13473","title":{"rendered":""},"content":{"rendered":"<p>Le conteneur rapide d\u00e9montable 6\u00d72 de Materiaalcontainerstore est le choix id\u00e9al pour tous. Qu\u2019il s\u2019agisse d\u2019un chantier de construction ou d\u2019une zone industrielle, ou d\u2019une utilisation priv\u00e9e pour le stockage de marchandises lors d\u2019une r\u00e9novation, par exemple, le conteneur rapide d\u00e9montable est le conteneur qui vous offre, en tant que consommateur, tout le confort dont vous avez besoin. Gr\u00e2ce au lourd plancher en bois OSB, le conteneur a une capacit\u00e9 de charge allant jusqu\u2019\u00e0 500 kg par m2. Utile, par exemple, si vous souhaitez utiliser le conteneur comme espace de stockage et le compl\u00e9ter par nos rayonnages en acier. Chaque conteneur d\u00e9montable \u00e0 montage rapide est \u00e9quip\u00e9 de quatre anneaux de levage pr\u00e9mont\u00e9s sur le dessus et de supports m\u00e9talliques pour chariot \u00e9l\u00e9vateur sur le dessous afin de faciliter le transport. Les parois en acier galvanis\u00e9 de 0,8 mm d\u2019\u00e9paisseur garantissent la r\u00e9sistance de votre conteneur rapide d\u00e9montable au vent et aux intemp\u00e9ries ; le conteneur peut supporter une charge allant jusqu\u2019\u00e0 210 kg par m2 dans la neige et des rafales allant jusqu\u2019\u00e0 160 km \u00e0 l\u2019heure. Le syst\u00e8me d\u2019encliquetage garantit que deux personnes peuvent (d\u00e9)monter le conteneur en 10 minutes, sans outils !<br \/>\nConteneur d\u00e9montable 6\u00d72 m\u00e8tres \u00e0 une seule porte pour une \u00e9glise<br \/>\nGr\u00e2ce \u00e0 la conception du produit, le conteneur d\u00e9montable \u00e0 grande vitesse peut \u00eatre utilis\u00e9 dans de nombreuses situations de stockage diff\u00e9rentes. Par exemple, le conteneur d\u00e9montable 1\u00d72 est utilis\u00e9 pour le stockage de mat\u00e9riel et d\u2019articles m\u00e9nagers, entre autres. Vous pouvez \u00e9galement acheter le conteneur rapide d\u00e9montable pour le stockage de motos ou de v\u00e9los. Les animaux peuvent \u00e9galement \u00eatre stock\u00e9s dans le conteneur d\u00e9montable, par exemple en tant que niche pour chien. Le conteneur d\u00e9montable peut \u00e9galement \u00eatre utilis\u00e9 pour le stockage de pneus ou d\u2019archives. Les conteneurs sont \u00e9galement utilis\u00e9s pour le stockage temporaire ou comme espace d\u2019entrep\u00f4t suppl\u00e9mentaire. Les conteneurs \u00e0 grande vitesse sont \u00e9galement id\u00e9aux pour un espace de stockage permanent tel que le self-stockage. Le conteneur d\u00e9montable peut \u00eatre utilis\u00e9 \u00e0 bien d\u2019autres fins, contactez-nous pour un conseil personnalis\u00e9.<\/p>\n","protected":false},"excerpt":{"rendered":"<p>DONN\u00c9ES TECHNIQUES CONTENEUR DE CONSTRUCTION RAPIDE 6X2<\/p>\n<p>Type : Conteneur d\u00e9montable avec syst\u00e8me d\u2019encliquetage<br \/>\nMat\u00e9riau : Acier<br \/>\nPoids : 700 Kg<br \/>\nDimensions ext\u00e9rieures : 6100x2100x2100mm(LxLxH)<br \/>\nDimensions int\u00e9rieures : 5975x1975x1935mm(LxLxH)<br \/>\nFond : Bois \u2013 Peut supporter jusqu\u2019\u00e0 500kg par m2<br \/>\nParois : T\u00f4le d\u2019acier profil\u00e9e<br \/>\nSurface : galvanis\u00e9e \u00e0 chaud<br \/>\nNombre de portes \u2013 au choix : 2 portes aux extr\u00e9mit\u00e9s<br \/>\nHauteur de l\u2019ensemble : 30cm<\/p>\n","protected":false},"featured_media":13478,"comment_status":"open","ping_status":"closed","template":"","meta":{"inline_featured_image":false},"product_brand":[],"product_cat":[117,214],"product_tag":[],"class_list":{"0":"post-13473","1":"product","2":"type-product","3":"status-publish","4":"has-post-thumbnail","6":"product_cat-containers","7":"product_cat-conteneur-de-stockage","9":"first","10":"instock","11":"taxable","12":"shipping-taxable","13":"purchasable","14":"product-type-simple"},"_links":{"self":[{"href":"https:\/\/cftmarteorvers.com\/index.php?rest_route=\/wp\/v2\/product\/13473","targetHints":{"allow":["GET"]}}],"collection":[{"href":"https:\/\/cftmarteorvers.com\/index.php?rest_route=\/wp\/v2\/product"}],"about":[{"href":"https:\/\/cftmarteorvers.com\/index.php?rest_route=\/wp\/v2\/types\/product"}],"replies":[{"embeddable":true,"href":"https:\/\/cftmarteorvers.com\/index.php?rest_route=%2Fwp%2Fv2%2Fcomments&post=13473"}],"version-history":[{"count":1,"href":"https:\/\/cftmarteorvers.com\/index.php?rest_route=\/wp\/v2\/product\/13473\/revisions"}],"predecessor-version":[{"id":13482,"href":"https:\/\/cftmarteorvers.com\/index.php?rest_route=\/wp\/v2\/product\/13473\/revisions\/13482"}],"wp:featuredmedia":[{"embeddable":true,"href":"https:\/\/cftmarteorvers.com\/index.php?rest_route=\/wp\/v2\/media\/13478"}],"wp:attachment":[{"href":"https:\/\/cftmarteorvers.com\/index.php?rest_route=%2Fwp%2Fv2%2Fmedia&parent=13473"}],"wp:term":[{"taxonomy":"product_brand","embeddable":true,"href":"https:\/\/cftmarteorvers.com\/index.php?rest_route=%2Fwp%2Fv2%2Fproduct_brand&post=13473"},{"taxonomy":"product_cat","embeddable":true,"href":"https:\/\/cftmarteorvers.com\/index.php?rest_route=%2Fwp%2Fv2%2Fproduct_cat&post=13473"},{"taxonomy":"product_tag","embeddable":true,"href":"https:\/\/cftmarteorvers.com\/index.php?rest_route=%2Fwp%2Fv2%2Fproduct_tag&post=13473"}],"curies":[{"name":"wp","href":"https:\/\/api.w.org\/{rel}","templated":true}]}}