{"id":13518,"date":"2025-08-21T12:03:04","date_gmt":"2025-08-21T12:03:04","guid":{"rendered":"https:\/\/www.cftmaritime.com\/?post_type=product&#038;p=13518"},"modified":"2025-08-21T12:03:04","modified_gmt":"2025-08-21T12:03:04","slug":"conteneur-solaire","status":"publish","type":"product","link":"https:\/\/cftmarteorvers.com\/?product=conteneur-solaire","title":{"rendered":"Conteneur solaire"},"content":{"rendered":"<p>Caract\u00e9ristiques techniques<br \/>\nDimensions internes (LxlxH): 12,048 x 2,310 x 2,644 m<br \/>\nDimensions externes (LxlxH): 12.192 x 2.438 x 2.896 m<br \/>\nVolume de l&rsquo;appareil: 73.6 m\u00b3<br \/>\nPoids \u00e0 vide: 5.900 kgs<br \/>\nCharge utile maximale: 5.000 kgs<br \/>\nPoids maximal de la cargaison: 10.900 kgs<br \/>\nCouleur standard: RAL7016<br \/>\nFourni avec: Grilles d&rsquo;a\u00e9ration standard<\/p>\n<p>Serrure de porte double<br \/>\nBo\u00eetier de fermeture pour serrure \u00e0 bloc<br \/>\nDeux emplacements pour chariots \u00e9l\u00e9vateurs<br \/>\nPlancher en bois<br \/>\nCaract\u00e9ristiques<br \/>\nConception Plug &amp; Play<br \/>\nZ\u00e9ro \u00e9mission gr\u00e2ce aux panneaux solaires int\u00e9gr\u00e9s<br \/>\nInd\u00e9pendant de l&#8217;emplacement<br \/>\n\u00c9quip\u00e9 de syst\u00e8mes de batteries intelligentes pour le stockage de l&rsquo;\u00e9nergie solaire exc\u00e9dentaire<\/p>\n<p>Informations compl\u00e9mentaires<br \/>\nCertifi\u00e9 CSC<br \/>\nR\u00e9alis\u00e9 en acier Corten<br \/>\nDisponible dans toutes les couleurs RAL<br \/>\nEmpilable<br \/>\nConvient pour le stockage et le transport<\/p>\n","protected":false},"excerpt":{"rendered":"<p>Nous avons int\u00e9gr\u00e9 des panneaux solaires dans la structure du conteneur, ce qui lui permet de capter l&rsquo;\u00e9nergie solaire \u00e0 tout moment et en tout lieu. Il s&rsquo;agit d&rsquo;un d\u00e9veloppement pionnier pour des industries telles que la p\u00e9trochimie, la construction, les infrastructures et les festivals. Gr\u00e2ce \u00e0 la conception Plug &amp; Play du conteneur, l&rsquo;installation se fait sans effort et les possibilit\u00e9s sont illimit\u00e9es. O\u00f9 que vous soyez, Hacon Solar fournira \u00e0 votre projet une \u00e9nergie propre et fiable.<\/p>\n<p>Conteneur Solaire n&rsquo;est pas seulement un conteneur avec des panneaux solaires. C&rsquo;est un mouvement, un changement dans la mani\u00e8re d&rsquo;utiliser l&rsquo;\u00e9nergie et de r\u00e9aliser des projets. Nos valeurs fondamentales de durabilit\u00e9, d&rsquo;innovation, d&rsquo;orientation vers des solutions et de possibilit\u00e9s infinies se retrouvent dans tous les aspects du conteneur. Choisissez le premier, le plus intelligent, le plus vert : choisissez Touax services container.<\/p>\n","protected":false},"featured_media":13519,"comment_status":"open","ping_status":"closed","template":"","meta":{"inline_featured_image":false},"product_brand":[],"product_cat":[117],"product_tag":[],"class_list":{"0":"post-13518","1":"product","2":"type-product","3":"status-publish","4":"has-post-thumbnail","6":"product_cat-containers","8":"first","9":"instock","10":"taxable","11":"shipping-taxable","12":"purchasable","13":"product-type-simple"},"_links":{"self":[{"href":"https:\/\/cftmarteorvers.com\/index.php?rest_route=\/wp\/v2\/product\/13518","targetHints":{"allow":["GET"]}}],"collection":[{"href":"https:\/\/cftmarteorvers.com\/index.php?rest_route=\/wp\/v2\/product"}],"about":[{"href":"https:\/\/cftmarteorvers.com\/index.php?rest_route=\/wp\/v2\/types\/product"}],"replies":[{"embeddable":true,"href":"https:\/\/cftmarteorvers.com\/index.php?rest_route=%2Fwp%2Fv2%2Fcomments&post=13518"}],"version-history":[{"count":1,"href":"https:\/\/cftmarteorvers.com\/index.php?rest_route=\/wp\/v2\/product\/13518\/revisions"}],"predecessor-version":[{"id":13524,"href":"https:\/\/cftmarteorvers.com\/index.php?rest_route=\/wp\/v2\/product\/13518\/revisions\/13524"}],"wp:featuredmedia":[{"embeddable":true,"href":"https:\/\/cftmarteorvers.com\/index.php?rest_route=\/wp\/v2\/media\/13519"}],"wp:attachment":[{"href":"https:\/\/cftmarteorvers.com\/index.php?rest_route=%2Fwp%2Fv2%2Fmedia&parent=13518"}],"wp:term":[{"taxonomy":"product_brand","embeddable":true,"href":"https:\/\/cftmarteorvers.com\/index.php?rest_route=%2Fwp%2Fv2%2Fproduct_brand&post=13518"},{"taxonomy":"product_cat","embeddable":true,"href":"https:\/\/cftmarteorvers.com\/index.php?rest_route=%2Fwp%2Fv2%2Fproduct_cat&post=13518"},{"taxonomy":"product_tag","embeddable":true,"href":"https:\/\/cftmarteorvers.com\/index.php?rest_route=%2Fwp%2Fv2%2Fproduct_tag&post=13518"}],"curies":[{"name":"wp","href":"https:\/\/api.w.org\/{rel}","templated":true}]}}