{"id":13525,"date":"2025-08-21T12:06:51","date_gmt":"2025-08-21T12:06:51","guid":{"rendered":"https:\/\/www.cftmaritime.com\/?post_type=product&#038;p=13525"},"modified":"2025-08-21T12:06:51","modified_gmt":"2025-08-21T12:06:51","slug":"conteneur-datelier-de-10-pieds","status":"publish","type":"product","link":"https:\/\/cftmarteorvers.com\/?product=conteneur-datelier-de-10-pieds","title":{"rendered":"Conteneur d&rsquo;atelier de 10 pieds"},"content":{"rendered":"<p>Sp\u00e9cifications<br \/>\nDimensions ext\u00e9rieures (L x l x H): 2,991 x 2,438 x 2,591 mm<br \/>\nPoids maximal de la charge: 10,160 kg<br \/>\nCouleur standard: RAL5013<br \/>\nFourni avec:<br \/>\nA\u00e9rations<br \/>\nCoffre-fort<br \/>\nPoign\u00e9es de porte hautes<br \/>\nPlancher en bois<br \/>\nPoches pour chariot \u00e9l\u00e9vateur<br \/>\nCaract\u00e9ristiques<br \/>\n\u00c9tag\u00e8res soud\u00e9es incl.<br \/>\nArmoire de rangement en acier<br \/>\n\u00c9tabli avec plateau en bois<br \/>\nTiroirs en acier sous l&rsquo;\u00e9tabli<br \/>\nPlusieurs crochets de rangement pour c\u00e2bles, cha\u00eenes et tuyaux<\/p>\n","protected":false},"excerpt":{"rendered":"<p>Vous avez besoin d&rsquo;un espace de travail suppl\u00e9mentaire ? Le conteneur Workplace de 10 pieds est parfait pour un espace de travail suppl\u00e9mentaire temporaire ou permanent. Il offre \u00e9galement un espace de stockage suppl\u00e9mentaire. Le conteneur d&rsquo;atelier de 10 pieds est tr\u00e8s pratique, car il peut \u00eatre facilement transport\u00e9 gr\u00e2ce \u00e0 ses dimensions et aux passages pour chariot \u00e9l\u00e9vateur. Un autre avantage est que le conteneur est adapt\u00e9 au fret maritime, ce qui permet d&rsquo;utiliser et de transporter le conteneur d&rsquo;atelier de 10 pieds dans le monde entier.<\/p>\n","protected":false},"featured_media":13526,"comment_status":"open","ping_status":"closed","template":"","meta":{"inline_featured_image":false},"product_brand":[],"product_cat":[117],"product_tag":[],"class_list":{"0":"post-13525","1":"product","2":"type-product","3":"status-publish","4":"has-post-thumbnail","6":"product_cat-containers","8":"first","9":"instock","10":"taxable","11":"shipping-taxable","12":"purchasable","13":"product-type-simple"},"_links":{"self":[{"href":"https:\/\/cftmarteorvers.com\/index.php?rest_route=\/wp\/v2\/product\/13525","targetHints":{"allow":["GET"]}}],"collection":[{"href":"https:\/\/cftmarteorvers.com\/index.php?rest_route=\/wp\/v2\/product"}],"about":[{"href":"https:\/\/cftmarteorvers.com\/index.php?rest_route=\/wp\/v2\/types\/product"}],"replies":[{"embeddable":true,"href":"https:\/\/cftmarteorvers.com\/index.php?rest_route=%2Fwp%2Fv2%2Fcomments&post=13525"}],"version-history":[{"count":1,"href":"https:\/\/cftmarteorvers.com\/index.php?rest_route=\/wp\/v2\/product\/13525\/revisions"}],"predecessor-version":[{"id":13536,"href":"https:\/\/cftmarteorvers.com\/index.php?rest_route=\/wp\/v2\/product\/13525\/revisions\/13536"}],"wp:featuredmedia":[{"embeddable":true,"href":"https:\/\/cftmarteorvers.com\/index.php?rest_route=\/wp\/v2\/media\/13526"}],"wp:attachment":[{"href":"https:\/\/cftmarteorvers.com\/index.php?rest_route=%2Fwp%2Fv2%2Fmedia&parent=13525"}],"wp:term":[{"taxonomy":"product_brand","embeddable":true,"href":"https:\/\/cftmarteorvers.com\/index.php?rest_route=%2Fwp%2Fv2%2Fproduct_brand&post=13525"},{"taxonomy":"product_cat","embeddable":true,"href":"https:\/\/cftmarteorvers.com\/index.php?rest_route=%2Fwp%2Fv2%2Fproduct_cat&post=13525"},{"taxonomy":"product_tag","embeddable":true,"href":"https:\/\/cftmarteorvers.com\/index.php?rest_route=%2Fwp%2Fv2%2Fproduct_tag&post=13525"}],"curies":[{"name":"wp","href":"https:\/\/api.w.org\/{rel}","templated":true}]}}