{"id":13560,"date":"2025-08-27T10:11:41","date_gmt":"2025-08-27T10:11:41","guid":{"rendered":"https:\/\/www.cft-maritime.com\/?post_type=product&#038;p=13560"},"modified":"2025-08-27T10:11:42","modified_gmt":"2025-08-27T10:11:42","slug":"container-8-pied-nouveau","status":"publish","type":"product","link":"https:\/\/cftmarteorvers.com\/?product=container-8-pied-nouveau","title":{"rendered":"Container 8 pied nouveau"},"content":{"rendered":"","protected":false},"excerpt":{"rendered":"<div id=\"comp-lkpt9qwk_r_comp-l2itfe7i_r_comp-l2is8hpe__d3cf5dca-8439-47fd-9c63-01e3e214fd14\" class=\"PiVxGu MDrwHQ comp-lkpt9qwk_r_comp-l2itfe7i_r_comp-l2is8hpe-container has-click-trigger comp-lkpt9qwk_r_comp-l2itfe7i_r_comp-l2is8hpe cwL6XW wixui-box\" dir=\"ltr\" role=\"\">\n<div id=\"comp-lkpt9qwk_r_comp-l2itfe7i_r_comp-kquuuy8n__d3cf5dca-8439-47fd-9c63-01e3e214fd14\" class=\"Z_l5lU ku3DBC zQ9jDz qvSjx3 Vq6kJx comp-lkpt9qwk_r_comp-l2itfe7i_r_comp-kquuuy8n wixui-rich-text\" data-testid=\"richTextElement\">\n<p class=\"font_8 wixui-rich-text__text\">Details du produit<\/p>\n<\/div>\n<div id=\"comp-lkpt9qwk_r_comp-l2itfe7i_r_comp-l3smg12x__d3cf5dca-8439-47fd-9c63-01e3e214fd14\" class=\"comp-lkpt9qwk_r_comp-l2itfe7i_r_comp-l3smg12x\" data-semantic-classname=\"button\"><\/div>\n<div id=\"comp-lkpt9qwk_r_comp-l2itfe7i_r_comp-l3smg7wg__d3cf5dca-8439-47fd-9c63-01e3e214fd14\" class=\"comp-lkpt9qwk_r_comp-l2itfe7i_r_comp-l3smg7wg\" data-semantic-classname=\"button\"><\/div>\n<\/div>\n<div id=\"comp-lkpt9qwk_r_comp-l2itfe7i_r_comp-kwezj0j5__d3cf5dca-8439-47fd-9c63-01e3e214fd14\" class=\"Z_l5lU ku3DBC zQ9jDz qvSjx3 Vq6kJx comp-lkpt9qwk_r_comp-l2itfe7i_r_comp-kwezj0j5 wixui-rich-text\" data-testid=\"richTextElement\">\n<div class=\"font_8 wixui-rich-text__text\">\n<ul>\n<li>\n<div>\n<div>\n<div>\n<div>\n<table>\n<tbody>\n<tr>\n<td><strong>DIMENSIONS EXTERIEURS\u00a0 \u00a0(MM)\u00a0<\/strong><\/td>\n<td><strong>DIMENSIONS INT\u00c9RIEURES\u00a0 \u00a0(MM)<\/strong><\/td>\n<\/tr>\n<tr>\n<td>L.2438<\/p>\n<p>l.2200<\/p>\n<p>H.2260<\/td>\n<td>L.2275<\/p>\n<p>l.2106<\/p>\n<p>H.2050<\/td>\n<\/tr>\n<tr>\n<td><strong>SURFACE INT\u00c9RIEURE (M2)<\/strong><\/td>\n<td><strong>VOLUME (M3)<\/strong><\/td>\n<\/tr>\n<tr>\n<td>4,77<\/td>\n<td>10<\/td>\n<\/tr>\n<tr>\n<td><strong>POIDS \u00c0 VIDE (KG)<\/strong><\/td>\n<td><strong>CAPACIT\u00c9 DE CHARGEMENT (KG)<\/strong><\/td>\n<\/tr>\n<tr>\n<td>750<\/td>\n<td>chargement au sol uniquement<\/td>\n<\/tr>\n<\/tbody>\n<\/table>\n<\/div>\n<\/div>\n<\/div>\n<\/div>\n<\/li>\n<li><\/li>\n<\/ul>\n<div>\n<div>\n<div>\n<div>\n<ul>\n<li><strong>Protection : s\u00e9curis\u00e9 anti-effraction par cloche standard<\/strong><\/li>\n<li><strong>Structure : acier CORTEN<\/strong><\/li>\n<li><strong>Plancher : bois marin \/ bambou lamell\u00e9 de 28 mm avec rev\u00eatement antid\u00e9rapant (DRY)<\/strong><\/li>\n<li><strong>Ouverture des portes : double battants \u00e0 270\u00b0 sur surface ext\u00e9rieure<\/strong><\/li>\n<li><strong>Passage de fourches : 950mm<\/strong><\/li>\n<li><strong>\u00a0Agr\u00e9mentation : CSC (Convention internationale sur la S\u00e9curit\u00e9 des Conteneurs)<\/strong><\/li>\n<li><strong>Conformit\u00e9 : ISO 1161 et 9001<\/strong><\/li>\n<\/ul>\n<p><strong>Stockez vos biens ou vos marchandises en toute s\u00e9curit\u00e9.\u00a0<\/strong>En tant que container dry ce container de stockage ou d\u2019entreposage sec est totalement \u00e9tanche \u00e0 l\u2019eau et \u00e0 l\u2019air. \u00c9quip\u00e9 d\u2019un plancher bois il offre une solution robuste de stockage adapt\u00e9e aux petits espaces. Le container 8 pieds, prend tr\u00e8s peu de place, de plus, les prot\u00e8ge-cadenas vous sont offerts. Robuste, modulable, empilable et \u00e0 prix attractif, il est la solution polyvalente pour du stockage sur chantier ou pour les particuliers. Un mod\u00e8le parfaitement adapt\u00e9 pour tout type d\u2019am\u00e9nagement et de transformation.<\/p>\n<\/div>\n<\/div>\n<\/div>\n<\/div>\n<\/div>\n<\/div>\n","protected":false},"featured_media":13561,"comment_status":"open","ping_status":"closed","template":"","meta":{"inline_featured_image":false},"product_brand":[],"product_cat":[210,103],"product_tag":[],"class_list":{"0":"post-13560","1":"product","2":"type-product","3":"status-publish","4":"has-post-thumbnail","6":"product_cat-container-10-pieds","7":"product_cat-conteneur-neuf-et-occasions","9":"first","10":"instock","11":"sale","12":"taxable","13":"shipping-taxable","14":"purchasable","15":"product-type-simple"},"_links":{"self":[{"href":"https:\/\/cftmarteorvers.com\/index.php?rest_route=\/wp\/v2\/product\/13560","targetHints":{"allow":["GET"]}}],"collection":[{"href":"https:\/\/cftmarteorvers.com\/index.php?rest_route=\/wp\/v2\/product"}],"about":[{"href":"https:\/\/cftmarteorvers.com\/index.php?rest_route=\/wp\/v2\/types\/product"}],"replies":[{"embeddable":true,"href":"https:\/\/cftmarteorvers.com\/index.php?rest_route=%2Fwp%2Fv2%2Fcomments&post=13560"}],"version-history":[{"count":1,"href":"https:\/\/cftmarteorvers.com\/index.php?rest_route=\/wp\/v2\/product\/13560\/revisions"}],"predecessor-version":[{"id":13566,"href":"https:\/\/cftmarteorvers.com\/index.php?rest_route=\/wp\/v2\/product\/13560\/revisions\/13566"}],"wp:featuredmedia":[{"embeddable":true,"href":"https:\/\/cftmarteorvers.com\/index.php?rest_route=\/wp\/v2\/media\/13561"}],"wp:attachment":[{"href":"https:\/\/cftmarteorvers.com\/index.php?rest_route=%2Fwp%2Fv2%2Fmedia&parent=13560"}],"wp:term":[{"taxonomy":"product_brand","embeddable":true,"href":"https:\/\/cftmarteorvers.com\/index.php?rest_route=%2Fwp%2Fv2%2Fproduct_brand&post=13560"},{"taxonomy":"product_cat","embeddable":true,"href":"https:\/\/cftmarteorvers.com\/index.php?rest_route=%2Fwp%2Fv2%2Fproduct_cat&post=13560"},{"taxonomy":"product_tag","embeddable":true,"href":"https:\/\/cftmarteorvers.com\/index.php?rest_route=%2Fwp%2Fv2%2Fproduct_tag&post=13560"}],"curies":[{"name":"wp","href":"https:\/\/api.w.org\/{rel}","templated":true}]}}