{"id":13577,"date":"2025-08-27T23:29:10","date_gmt":"2025-08-27T23:29:10","guid":{"rendered":"https:\/\/www.cft-maritime.com\/?post_type=product&#038;p=13577"},"modified":"2025-08-27T23:29:10","modified_gmt":"2025-08-27T23:29:10","slug":"remorque-sanitaire-4-wc-4-urinoirs-2-lavabos","status":"publish","type":"product","link":"https:\/\/cftmarteorvers.com\/?product=remorque-sanitaire-4-wc-4-urinoirs-2-lavabos","title":{"rendered":"Remorque sanitaire 4 WC 4 urinoirs 2 lavabos"},"content":{"rendered":"","protected":false},"excerpt":{"rendered":"<p>Caract\u00e9ristiques techniques<br \/>\nLongueur: 4,80 m<br \/>\nLargeur: 2,40 m<br \/>\nHauteur: 3,10 m<br \/>\nLongueur du timon: 1,40 m<br \/>\nPoids: 1500 kg<br \/>\nConnexion eau propre: Raccord GEKA 3\/4&Prime;<br \/>\nConnexion eaux us\u00e9es: Tube HT NW 110<br \/>\nConnexion \u00e9lectrique: 230 V\/16 A &#8211; Lumi\u00e8re<br \/>\nConnexion \u00e9lectrique: 400 V\/16 A &#8211; Lumi\u00e8re\/Chaudi\u00e8re\/Chauffage<br \/>\nConsommation d&rsquo;\u00e9lectricit\u00e9: 5 kW &#8211; Lumi\u00e8re<br \/>\nConsommation d&rsquo;\u00e9lectricit\u00e9: 7 kW &#8211; Lumi\u00e8re\/Chaudi\u00e8re\/Chauffage<br \/>\nChaudi\u00e8re d&rsquo;eau chaude: 10 litres<br \/>\nDames: 3 Toilettes, 1 Lavabo<br \/>\nMessieurs: 1 Toilette, 4 Urinoirs, 1 Lavabo<br \/>\nMiroir<br \/>\nDistributeur de savon<br \/>\nChauffage<br \/>\nEssuie-mains en papier<br \/>\nPorte-manteau<\/p>\n<p>Quand on entre dans la remorque WC, cela saute aux yeux: cette remorque allie parfaitement confort et fonctionnalit\u00e9. Ses atouts: un espace r\u00e9duit et un \u00e9quipement complet. Pour tous ceux qui ne veulent renoncer \u00e0 rien.<\/p>\n<p>Gr\u00e2ce \u00e0 son organisation int\u00e9rieure optimale, la remorque WC ECO offre un \u00e9quipement g\u00e9n\u00e9reux. La construction en sandwich donne \u00e0 cette remorque une esth\u00e9tique lisse, parfaite et des surfaces faciles d\u2019entretien. \u00c0 cela s\u2019ajoutent des \u00e9l\u00e9ments sanitaires modernes \u00e0 l\u2019esth\u00e9tique agr\u00e9able pour un confort parfait.<br \/>\n\u00c0 prendre en compte<br \/>\nINSTALLATION SUR UN SOL PLAT, SOLIDE<br \/>\nREQUIERT UN RACCORDEMENT D&rsquo;\u00c9LECTRIQUE, D\u2019ARRIV\u00c9E ET D\u2019\u00c9VACUATION D\u2019EAU<br \/>\nEN OPTION: RACCORDEMENT R\u00c9ALIS\u00c9 PAR NOTRE PERSONNEL QUALIFI\u00c9<\/p>\n","protected":false},"featured_media":13578,"comment_status":"open","ping_status":"closed","template":"","meta":{"inline_featured_image":false},"product_brand":[],"product_cat":[118,120],"product_tag":[],"class_list":{"0":"post-13577","1":"product","2":"type-product","3":"status-publish","4":"has-post-thumbnail","6":"product_cat-conteneur-amenage","7":"product_cat-conteneurs-sanitaire","9":"first","10":"instock","11":"taxable","12":"shipping-taxable","13":"purchasable","14":"product-type-simple"},"_links":{"self":[{"href":"https:\/\/cftmarteorvers.com\/index.php?rest_route=\/wp\/v2\/product\/13577","targetHints":{"allow":["GET"]}}],"collection":[{"href":"https:\/\/cftmarteorvers.com\/index.php?rest_route=\/wp\/v2\/product"}],"about":[{"href":"https:\/\/cftmarteorvers.com\/index.php?rest_route=\/wp\/v2\/types\/product"}],"replies":[{"embeddable":true,"href":"https:\/\/cftmarteorvers.com\/index.php?rest_route=%2Fwp%2Fv2%2Fcomments&post=13577"}],"version-history":[{"count":1,"href":"https:\/\/cftmarteorvers.com\/index.php?rest_route=\/wp\/v2\/product\/13577\/revisions"}],"predecessor-version":[{"id":13583,"href":"https:\/\/cftmarteorvers.com\/index.php?rest_route=\/wp\/v2\/product\/13577\/revisions\/13583"}],"wp:featuredmedia":[{"embeddable":true,"href":"https:\/\/cftmarteorvers.com\/index.php?rest_route=\/wp\/v2\/media\/13578"}],"wp:attachment":[{"href":"https:\/\/cftmarteorvers.com\/index.php?rest_route=%2Fwp%2Fv2%2Fmedia&parent=13577"}],"wp:term":[{"taxonomy":"product_brand","embeddable":true,"href":"https:\/\/cftmarteorvers.com\/index.php?rest_route=%2Fwp%2Fv2%2Fproduct_brand&post=13577"},{"taxonomy":"product_cat","embeddable":true,"href":"https:\/\/cftmarteorvers.com\/index.php?rest_route=%2Fwp%2Fv2%2Fproduct_cat&post=13577"},{"taxonomy":"product_tag","embeddable":true,"href":"https:\/\/cftmarteorvers.com\/index.php?rest_route=%2Fwp%2Fv2%2Fproduct_tag&post=13577"}],"curies":[{"name":"wp","href":"https:\/\/api.w.org\/{rel}","templated":true}]}}