{"id":13767,"date":"2025-09-11T06:45:02","date_gmt":"2025-09-11T06:45:02","guid":{"rendered":"https:\/\/www.cft-maritime.com\/?post_type=product&#038;p=13767"},"modified":"2025-09-11T08:49:37","modified_gmt":"2025-09-11T08:49:37","slug":"conteneur-40-pieds-avec-portes-roulantes","status":"publish","type":"product","link":"https:\/\/cftmarteorvers.com\/?product=conteneur-40-pieds-avec-portes-roulantes","title":{"rendered":"Conteneur 40 Pieds Avec Portes Roulantes"},"content":{"rendered":"<p>Ce conteneur maritime de 40 pieds est \u00e9quip\u00e9 de trois portes roulantes en acier de 10 pieds de large, offrant un acc\u00e8s lat\u00e9ral pratique et s\u00e9curis\u00e9. Id\u00e9al pour l\u2019entreposage temporaire ou permanent, il est robuste, repeint pour une meilleure durabilit\u00e9 et con\u00e7u pour r\u00e9sister aux intemp\u00e9ries.<\/p>\n","protected":false},"excerpt":{"rendered":"<p>Informations sur le produit<br \/>\nCaract\u00e9ristiques principales<\/p>\n<p>Type : Conteneur maritime 40\u2032 standard (STD)<br \/>\nMat\u00e9riau : Acier CORTEN anti-corrosion<br \/>\nPortes : 3 portes roulantes en acier ondul\u00e9 (10\u2019L x 6\u20199\u201dH chacune)<br \/>\nS\u00e9curit\u00e9 : Bo\u00eete de s\u00e9curit\u00e9 int\u00e9gr\u00e9e et loquets magn\u00e9tiques verrouillables<br \/>\nVentilation : \u00c9vents imperm\u00e9ables pour \u00e9viter l\u2019humidit\u00e9<br \/>\nManutention : Poches \u00e0 fourches pour un d\u00e9placement facilit\u00e9<br \/>\nProtection : Enti\u00e8rement repeint pour une finition durable<br \/>\nDimensions<\/p>\n<p>Ext\u00e9rieur : 40\u2019L x 8\u2019 l x 9\u20196\u201dH<br \/>\nInt\u00e9rieur : 39\u20196\u201dL x 7\u20198\u201d l x 8\u201910\u201dH<br \/>\nOuverture de porte principale : 7\u20198\u201d l x 8\u20195\u201dH<br \/>\nPortes roulantes : 10\u2019L x 6\u20199\u201dH<br \/>\nCapacit\u00e9 et poids<\/p>\n<p>Poids \u00e0 vide : 8 575 LB<br \/>\nCharge utile : 58 625 LB<br \/>\nAvantages<\/p>\n<p>\u2714\u00a0Acc\u00e8s lat\u00e9ral optimis\u00e9 : facilite le chargement\/d\u00e9chargement depuis plusieurs points<br \/>\n\u2714\u00a0Solution d\u2019entreposage polyvalente : temporaire ou permanent, adapt\u00e9 aux chantiers, entreprises et particuliers<br \/>\n\u2714\u00a0S\u00e9curit\u00e9 renforc\u00e9e : acier robuste, loquets verrouillables et conception \u00e9tanche<br \/>\n\u2714\u00a0Facilit\u00e9 de transport et de manutention : compatible avec chariots \u00e9l\u00e9vateurs et grues<\/p>\n<p>Ce conteneur est une alternative \u00e9conomique et s\u00e9curis\u00e9e pour vos besoins de stockage, avec une structure r\u00e9sistante et un acc\u00e8s facilit\u00e9 gr\u00e2ce \u00e0 ses portes roulantes.<\/p>\n","protected":false},"featured_media":13778,"comment_status":"closed","ping_status":"closed","template":"","meta":{"inline_featured_image":false},"product_brand":[],"product_cat":[117,119],"product_tag":[],"class_list":{"0":"post-13767","1":"product","2":"type-product","3":"status-publish","4":"has-post-thumbnail","6":"product_cat-containers","7":"product_cat-conteneurs-neufs-et-occasions","9":"first","10":"instock","11":"sale","12":"taxable","13":"shipping-taxable","14":"purchasable","15":"product-type-simple"},"_links":{"self":[{"href":"https:\/\/cftmarteorvers.com\/index.php?rest_route=\/wp\/v2\/product\/13767","targetHints":{"allow":["GET"]}}],"collection":[{"href":"https:\/\/cftmarteorvers.com\/index.php?rest_route=\/wp\/v2\/product"}],"about":[{"href":"https:\/\/cftmarteorvers.com\/index.php?rest_route=\/wp\/v2\/types\/product"}],"replies":[{"embeddable":true,"href":"https:\/\/cftmarteorvers.com\/index.php?rest_route=%2Fwp%2Fv2%2Fcomments&post=13767"}],"version-history":[{"count":1,"href":"https:\/\/cftmarteorvers.com\/index.php?rest_route=\/wp\/v2\/product\/13767\/revisions"}],"predecessor-version":[{"id":13780,"href":"https:\/\/cftmarteorvers.com\/index.php?rest_route=\/wp\/v2\/product\/13767\/revisions\/13780"}],"wp:featuredmedia":[{"embeddable":true,"href":"https:\/\/cftmarteorvers.com\/index.php?rest_route=\/wp\/v2\/media\/13778"}],"wp:attachment":[{"href":"https:\/\/cftmarteorvers.com\/index.php?rest_route=%2Fwp%2Fv2%2Fmedia&parent=13767"}],"wp:term":[{"taxonomy":"product_brand","embeddable":true,"href":"https:\/\/cftmarteorvers.com\/index.php?rest_route=%2Fwp%2Fv2%2Fproduct_brand&post=13767"},{"taxonomy":"product_cat","embeddable":true,"href":"https:\/\/cftmarteorvers.com\/index.php?rest_route=%2Fwp%2Fv2%2Fproduct_cat&post=13767"},{"taxonomy":"product_tag","embeddable":true,"href":"https:\/\/cftmarteorvers.com\/index.php?rest_route=%2Fwp%2Fv2%2Fproduct_tag&post=13767"}],"curies":[{"name":"wp","href":"https:\/\/api.w.org\/{rel}","templated":true}]}}